{"id":105,"date":"2020-11-24T10:48:41","date_gmt":"2020-11-24T09:48:41","guid":{"rendered":"http:\/\/europaeisches-institut.com\/?page_id=105"},"modified":"2024-11-12T21:05:58","modified_gmt":"2024-11-12T20:05:58","slug":"projekte-und-veranstaltungen","status":"publish","type":"page","link":"https:\/\/europaeisches-institut.com\/de\/projekte-und-veranstaltungen\/","title":{"rendered":"Projekte und Veranstaltungen"},"content":{"rendered":"<p>[et_pb_section fb_built=&#8220;1&#8243; fullwidth=&#8220;on&#8220; _builder_version=&#8220;4.7.4&#8243; _module_preset=&#8220;default&#8220; background_image=&#8220;https:\/\/europaeisches-institut.com\/wp-content\/uploads\/2020\/12\/slider-ankara.jpg&#8220; custom_padding=&#8220;150px||150px||false|false&#8220; custom_css_before=&#8220;content: %22\u00a9 Europ\u00e4isches Institut%22;&#8220; locked=&#8220;off&#8220;][\/et_pb_section][et_pb_section fb_built=&#8220;1&#8243; _builder_version=&#8220;4.7.1&#8243; _module_preset=&#8220;default&#8220; custom_margin=&#8220;||||false|false&#8220; custom_padding=&#8220;||0px|||&#8220;][et_pb_row _builder_version=&#8220;4.7.1&#8243; _module_preset=&#8220;default&#8220; custom_padding=&#8220;||48px|||&#8220;][et_pb_column type=&#8220;4_4&#8243; _builder_version=&#8220;4.7.1&#8243; _module_preset=&#8220;default&#8220;][et_pb_text _builder_version=&#8220;4.7.4&#8243; _module_preset=&#8220;default&#8220; header_font=&#8220;Montserrat|||on|||||&#8220; header_text_align=&#8220;left&#8220; header_text_color=&#8220;#661b16&#8243; header_font_size=&#8220;40px&#8220; header_letter_spacing=&#8220;1px&#8220; header_2_font=&#8220;Freehand|||on|||||&#8220; header_2_text_color=&#8220;#661b16&#8243; header_2_font_size=&#8220;40px&#8220; header_2_letter_spacing=&#8220;1px&#8220; header_3_font=&#8220;Freehand||||||||&#8220; header_3_text_color=&#8220;#d3adaa&#8220; header_3_font_size=&#8220;30px&#8220; header_3_line_height=&#8220;1.5em&#8220;]<\/p>\n<h1 style=\"text-align: center;\">Unsere Projekte und Veranstaltungen<\/h1>\n<p>[\/et_pb_text][et_pb_text _builder_version=&#8220;4.7.4&#8243; _module_preset=&#8220;default&#8220; header_3_text_color=&#8220;#d3adaa&#8220; header_3_font_size=&#8220;30px&#8220; custom_margin=&#8220;-37px|||||&#8220; custom_padding=&#8220;16px||0px|||&#8220;]<\/p>\n<h3 style=\"text-align: center;\">Einige in Auswahl:<\/h3>\n<p>[\/et_pb_text][\/et_pb_column][\/et_pb_row][\/et_pb_section][et_pb_section fb_built=&#8220;1&#8243; _builder_version=&#8220;4.7.1&#8243; _module_preset=&#8220;default&#8220; background_color=&#8220;#f9f9f9&#8243; custom_margin=&#8220;||-73px|||&#8220; custom_padding=&#8220;0px|||||&#8220;][et_pb_row column_structure=&#8220;1_2,1_2&#8243; _builder_version=&#8220;4.7.1&#8243; _module_preset=&#8220;default&#8220; min_height=&#8220;154.7px&#8220; custom_margin=&#8220;-21px|auto||auto||&#8220; custom_padding=&#8220;28px|||||&#8220;][et_pb_column type=&#8220;1_2&#8243; _builder_version=&#8220;4.7.1&#8243; _module_preset=&#8220;default&#8220;][et_pb_text _builder_version=&#8220;4.7.4&#8243; _module_preset=&#8220;default&#8220; header_3_font=&#8220;||||||||&#8220; header_3_text_color=&#8220;#d3adaa&#8220;]<\/p>\n<ul>\n<li>Unser regionales Forschungsprojekt &#8222;Religi\u00f6se Vielfalt im Alpenrheintal&#8220;<\/li>\n<li>Unser europaweites Projekt &#8222;Religion im Fokus der \u00d6ffentlichkeit&#8220;<\/li>\n<li>Unser ErasmusPlusProjekt &#8222;Religi\u00f6se Bildung und interkulturelles Lernen&#8220;\u00a0<\/li>\n<\/ul>\n<p>[\/et_pb_text][\/et_pb_column][et_pb_column type=&#8220;1_2&#8243; _builder_version=&#8220;4.7.1&#8243; _module_preset=&#8220;default&#8220;][et_pb_text _builder_version=&#8220;4.7.4&#8243; _module_preset=&#8220;default&#8220; header_3_font=&#8220;||||||||&#8220; header_3_text_color=&#8220;#d3adaa&#8220;]<\/p>\n<ul>\n<li>Unser gemeinsames Buchprojekt &#8222;Reformation und Islam&#8220;\u00a0<\/li>\n<li>Unser neues Forschungsprojekt &#8222;Antisemitismus in Europa&#8220;<\/li>\n<li>Unser neues Projektvorhaben &#8222;Friedensprojekt Europa &#8211; eine Zukunftsperspektive&#8220;<\/li>\n<\/ul>\n<p>[\/et_pb_text][\/et_pb_column][\/et_pb_row][\/et_pb_section][et_pb_section fb_built=&#8220;1&#8243; _builder_version=&#8220;4.7.1&#8243; _module_preset=&#8220;default&#8220;][et_pb_row column_structure=&#8220;1_2,1_2&#8243; _builder_version=&#8220;4.7.1&#8243; _module_preset=&#8220;default&#8220; custom_margin=&#8220;-33px|auto||auto||&#8220;][et_pb_column type=&#8220;1_2&#8243; _builder_version=&#8220;4.7.1&#8243; _module_preset=&#8220;default&#8220;][et_pb_text _builder_version=&#8220;4.7.4&#8243; _module_preset=&#8220;default&#8220; header_3_font=&#8220;||||||||&#8220; header_3_text_color=&#8220;#d3adaa&#8220;]<\/p>\n<p><span id=\"dnn_ctr398_pnc.Publisher.Content_MessageHolder\" class=\"Normal\">Dar\u00fcber hinaus war unser Institut damit befasst, im Auftrag von und in Zusammenarbeit mit der Konferenz der Kirchen am Rhein (KKR), einer Regionalgruppe der Gemeinschaft Evangelischer Kirchen in Europa (GEKE), ein \u00f6kumenisches Projekt zum Thema &#8222;Identit\u00e4t und Integration&#8220; (2010-2012) fachlich zu begleiten und zu beraten. Es fanden folgende Konsultationen statt: M\u00e4rz 2010 in Wien, April 2010 in St. Gallen und Mai 2010 in Strasbourg, und f\u00fcr Anfang Juli 2011 war zu einer Abschlusstagung in die Evangelische Akademie Rheinland nach Bonn-Bad Godesberg eingeladen worden. Inzwischen ist das Dokument unserer Stellungnahme &#8222;Identit\u00e4t und Integration. Zusammenleben in Vielfalt und Verschiedenheit&#8220; Ende September 2012 durch die Vollversammlung der GEKE in Florenz den Mitgliedskirchen weiterempfohlen worden.<br \/><\/span><\/p>\n<p>&nbsp;<\/p>\n<p>[\/et_pb_text][\/et_pb_column][et_pb_column type=&#8220;1_2&#8243; _builder_version=&#8220;4.7.1&#8243; _module_preset=&#8220;default&#8220;][et_pb_image src=&#8220;https:\/\/europaeisches-institut.com\/wp-content\/uploads\/2020\/12\/Wiener-Fachtagung-Vortraege-2011-scaled.jpg&#8220; title_text=&#8220;Wiener Fachtagung Vortraege 2011&#8243; _builder_version=&#8220;4.7.4&#8243; _module_preset=&#8220;default&#8220; custom_css_before=&#8220;content: %22\u00a9 Europ\u00e4isches Institut%22;&#8220;][\/et_pb_image][\/et_pb_column][\/et_pb_row][et_pb_row column_structure=&#8220;1_4,3_4&#8243; _builder_version=&#8220;4.7.1&#8243; _module_preset=&#8220;default&#8220;][et_pb_column type=&#8220;1_4&#8243; _builder_version=&#8220;4.7.1&#8243; _module_preset=&#8220;default&#8220;][et_pb_image src=&#8220;https:\/\/europaeisches-institut.com\/wp-content\/uploads\/2020\/12\/erasmus-plus-logo_thumb.png&#8220; title_text=&#8220;erasmus plus logo_thumb&#8220; _builder_version=&#8220;4.7.4&#8243; _module_preset=&#8220;default&#8220;][\/et_pb_image][\/et_pb_column][et_pb_column type=&#8220;3_4&#8243; _builder_version=&#8220;4.7.1&#8243; _module_preset=&#8220;default&#8220;][et_pb_text _builder_version=&#8220;4.7.1&#8243; _module_preset=&#8220;default&#8220; header_3_font=&#8220;||||||||&#8220; header_3_text_color=&#8220;#d3adaa&#8220;]<\/p>\n<p>Im Jahr 2016 war ein neues ErasmusPlusProjekt &#8222;Bildung f\u00fcr Ehrenamtliche in kultur- und religionssensibler Begleitung von MigrantInnen und Fl\u00fcchtlingen &#8211; Education for volunteers in cultural and religious sensitive companionship of migrants and refugees&#8220; (2016\/17) bewilligt worden. Im Rahmen der Strategischen Partnerschaft war unser Institut als Projektpartner zusammen mit anderen Institutionen aus mehreren europ\u00e4ischen L\u00e4ndern beteiligt und verantwortlich f\u00fcr den abschliessenden Bericht.\u00a0Zwei weitere ErasmusPlusProjekte unseres Instituts, in Zusammenarbeit mit Partnern von Ankara bis Br\u00fcssel, sind bereits 2014 bewilligt worden. Das eine Projekt befasste sich mit &#8222;Community Education (CE)&#8220;, das andere mit &#8222;Religi\u00f6ser Bildung und interkulturellem Lernen (RBIKL&#8220;. Beide Projekte hatten eine Laufzeit von jeweils drei Jahren (2014-2017) &#8211; und die Resultate wurden ebenfalls im Jahr 2017 ver\u00f6ffentlicht.<\/p>\n<p>Schliesslich verweisen wir auf das Projekt &#8222;Interreligi\u00f6ses Begegnungslernen nach dem Konzept der kooperierenden F\u00e4chergruppe&#8220;<a href=\"https:\/\/www.ph-heidelberg.de\/katholische-theologie-religionspaedagogik\/personen\/lehrende\/boehme\/forschungsprojekte\/13-interreligioeses-begegnungslernen.html\" target=\"_blank\" rel=\"noopener noreferrer\" title=\" &quot;Interreligi\u00f6ses Begegnungslernen nach dem Konzept der kooperierenden F\u00e4chergruppe&quot;\">\u00a0<\/a>in Verantwortung unseres Mitglieds Prof. Dr. Katja Boehme (PH Heidelberg) und unter der Schirmherrschaft von Ministerpr\u00e4sident Wilfried Kretschmann (Baden-W\u00fcrttemberg).<\/p>\n<p>Weitere Informationen werden so bald wie m\u00f6glich folgen.<\/p>\n<p>[\/et_pb_text][\/et_pb_column][\/et_pb_row][\/et_pb_section]<\/p>\n","protected":false},"excerpt":{"rendered":"<p>[et_pb_section fb_built=&#8220;1&#8243; fullwidth=&#8220;on&#8220; _builder_version=&#8220;4.7.4&#8243; _module_preset=&#8220;default&#8220; background_image=&#8220;https:\/\/europaeisches-institut.com\/wp-content\/uploads\/2020\/12\/slider-ankara.jpg&#8220; custom_padding=&#8220;150px||150px||false|false&#8220; custom_css_before=&#8220;content: %22\u00a9 Europ\u00e4isches Institut%22;&#8220; locked=&#8220;off&#8220;][\/et_pb_section][et_pb_section fb_built=&#8220;1&#8243; _builder_version=&#8220;4.7.1&#8243; _module_preset=&#8220;default&#8220; custom_margin=&#8220;||||false|false&#8220; custom_padding=&#8220;||0px|||&#8220;][et_pb_row _builder_version=&#8220;4.7.1&#8243; _module_preset=&#8220;default&#8220; custom_padding=&#8220;||48px|||&#8220;][et_pb_column type=&#8220;4_4&#8243; _builder_version=&#8220;4.7.1&#8243; _module_preset=&#8220;default&#8220;][et_pb_text _builder_version=&#8220;4.7.4&#8243; _module_preset=&#8220;default&#8220; header_font=&#8220;Montserrat|||on|||||&#8220; header_text_align=&#8220;left&#8220; header_text_color=&#8220;#661b16&#8243; header_font_size=&#8220;40px&#8220; header_letter_spacing=&#8220;1px&#8220; header_2_font=&#8220;Freehand|||on|||||&#8220; header_2_text_color=&#8220;#661b16&#8243; header_2_font_size=&#8220;40px&#8220; header_2_letter_spacing=&#8220;1px&#8220; header_3_font=&#8220;Freehand||||||||&#8220; header_3_text_color=&#8220;#d3adaa&#8220; header_3_font_size=&#8220;30px&#8220; header_3_line_height=&#8220;1.5em&#8220;] Unsere Projekte und Veranstaltungen [\/et_pb_text][et_pb_text _builder_version=&#8220;4.7.4&#8243; _module_preset=&#8220;default&#8220; header_3_text_color=&#8220;#d3adaa&#8220; header_3_font_size=&#8220;30px&#8220; custom_margin=&#8220;-37px|||||&#8220; custom_padding=&#8220;16px||0px|||&#8220;] Einige in Auswahl: [\/et_pb_text][\/et_pb_column][\/et_pb_row][\/et_pb_section][et_pb_section fb_built=&#8220;1&#8243; _builder_version=&#8220;4.7.1&#8243; [&hellip;]<\/p>\n","protected":false},"author":1,"featured_media":0,"parent":0,"menu_order":4,"comment_status":"closed","ping_status":"closed","template":"","meta":{"_et_pb_use_builder":"on","_et_pb_old_content":"","_et_gb_content_width":"","footnotes":""},"_links":{"self":[{"href":"https:\/\/europaeisches-institut.com\/de\/wp-json\/wp\/v2\/pages\/105"}],"collection":[{"href":"https:\/\/europaeisches-institut.com\/de\/wp-json\/wp\/v2\/pages"}],"about":[{"href":"https:\/\/europaeisches-institut.com\/de\/wp-json\/wp\/v2\/types\/page"}],"author":[{"embeddable":true,"href":"https:\/\/europaeisches-institut.com\/de\/wp-json\/wp\/v2\/users\/1"}],"replies":[{"embeddable":true,"href":"https:\/\/europaeisches-institut.com\/de\/wp-json\/wp\/v2\/comments?post=105"}],"version-history":[{"count":10,"href":"https:\/\/europaeisches-institut.com\/de\/wp-json\/wp\/v2\/pages\/105\/revisions"}],"predecessor-version":[{"id":2438,"href":"https:\/\/europaeisches-institut.com\/de\/wp-json\/wp\/v2\/pages\/105\/revisions\/2438"}],"wp:attachment":[{"href":"https:\/\/europaeisches-institut.com\/de\/wp-json\/wp\/v2\/media?parent=105"}],"curies":[{"name":"wp","href":"https:\/\/api.w.org\/{rel}","templated":true}]}}