{"id":389,"date":"2020-11-25T16:52:46","date_gmt":"2020-11-25T15:52:46","guid":{"rendered":"http:\/\/europaeisches-institut.com\/?page_id=389"},"modified":"2020-12-30T12:45:03","modified_gmt":"2020-12-30T11:45:03","slug":"religioese-vielfalt-im-alpenrheintal","status":"publish","type":"page","link":"https:\/\/europaeisches-institut.com\/de\/projekte-und-veranstaltungen\/projekte\/religioese-vielfalt-im-alpenrheintal\/","title":{"rendered":"Religi\u00f6se Vielfalt im Alpenrheintal"},"content":{"rendered":"<p>[et_pb_section fb_built=&#8220;1&#8243; fullwidth=&#8220;on&#8220; _builder_version=&#8220;4.7.4&#8243; _module_preset=&#8220;default&#8220; background_image=&#8220;https:\/\/europaeisches-institut.com\/wp-content\/uploads\/2020\/12\/slider-gruenderversammlung.jpg&#8220; custom_padding=&#8220;150px||150px||false|false&#8220; custom_css_before=&#8220;content: %22\u00a9 Europ\u00e4isches Institut%22;&#8220; collapsed=&#8220;off&#8220;][\/et_pb_section][et_pb_section fb_built=&#8220;1&#8243; _builder_version=&#8220;4.7.1&#8243; _module_preset=&#8220;default&#8220; custom_margin=&#8220;||||false|false&#8220; collapsed=&#8220;off&#8220;][et_pb_row column_structure=&#8220;1_2,1_2&#8243; _builder_version=&#8220;4.7.4&#8243; _module_preset=&#8220;default&#8220;][et_pb_column type=&#8220;1_2&#8243; _builder_version=&#8220;4.7.4&#8243; _module_preset=&#8220;default&#8220;][et_pb_text _builder_version=&#8220;4.7.4&#8243; _module_preset=&#8220;default&#8220;][\/et_pb_text][et_pb_text admin_label=&#8220;Text&#8220; _builder_version=&#8220;4.7.4&#8243; _module_preset=&#8220;default&#8220; header_font=&#8220;Montserrat|||on|||||&#8220; header_text_align=&#8220;left&#8220; header_text_color=&#8220;#661b16&#8243; header_font_size=&#8220;40px&#8220; header_letter_spacing=&#8220;1px&#8220; header_2_font=&#8220;Montserrat|||on|||||&#8220; header_2_text_color=&#8220;#661b16&#8243; header_2_font_size=&#8220;40px&#8220; header_2_letter_spacing=&#8220;1px&#8220; header_3_font=&#8220;Montserrat||||||||&#8220; header_3_text_color=&#8220;#d3adaa&#8220; header_3_font_size=&#8220;30px&#8220; header_3_line_height=&#8220;1.5em&#8220; locked=&#8220;off&#8220;]<\/p>\n<h1>Religi\u00f6se Vielfalt im Alpenrheintal<\/h1>\n<h3>Regionales Forschungsprojekt (2009-2011)<\/h3>\n<p>Im Rahmen des l\u00e4nder\u00fcbergreifenden Projekts &#8222;Neue Herausforderungen f\u00fcr das Zusammenleben in einem kulturell und religi\u00f6s pluralistischen Europa&#8220; untersuchte\u00a0 unser Institut auch die grenz\u00fcberschreitende kulturelle und religi\u00f6se Vielfalt in der Region des Alpenrheintals.<\/p>\n<p>Nach ersten Vorarbeiten und entsprechenden Veranstaltungen wurde das Forschungsprojekt mit lokalen und regionalen Kooperationspartnern in Liechtenstein, in Vorarlberg und in der Ostschweiz seit 2009 im Sinne einer empirischen Studie fortgesetzt.<\/p>\n<p>Dank der gro\u00dfz\u00fcgigen finanziellen Unterst\u00fctzung durch die F\u00fcrstliche Regierung war es uns 2011 m\u00f6glich, das Forschungsprojekt im Rahmen einer dreij\u00e4hrigen F\u00f6rderung planm\u00e4\u00dfig abzuschlie\u00dfen. In Zusammenarbeit mit dem Liechtenstein-Institut haben wir unseren umfassenden Forschungsbericht dann 2012 publiziert.<\/p>\n<p>&nbsp;<\/p>\n<p>&nbsp;<\/p>\n<div>\u00a0<\/div>\n<div>\u00a0<\/div>\n<div>\u00a0<\/div>\n<p>&nbsp;<\/p>\n<p>[\/et_pb_text][\/et_pb_column][et_pb_column type=&#8220;1_2&#8243; _builder_version=&#8220;4.7.4&#8243; _module_preset=&#8220;default&#8220;][et_pb_image src=&#8220;https:\/\/europaeisches-institut.com\/wp-content\/uploads\/2020\/12\/Religioese-Vielfalt-2.png&#8220; title_text=&#8220;Religi\u00f6se Vielfalt&#8220; _builder_version=&#8220;4.7.4&#8243; _module_preset=&#8220;default&#8220;][\/et_pb_image][\/et_pb_column][\/et_pb_row][\/et_pb_section]<\/p>\n","protected":false},"excerpt":{"rendered":"<p>[et_pb_section fb_built=&#8220;1&#8243; fullwidth=&#8220;on&#8220; _builder_version=&#8220;4.7.4&#8243; _module_preset=&#8220;default&#8220; background_image=&#8220;https:\/\/europaeisches-institut.com\/wp-content\/uploads\/2020\/12\/slider-gruenderversammlung.jpg&#8220; custom_padding=&#8220;150px||150px||false|false&#8220; custom_css_before=&#8220;content: %22\u00a9 Europ\u00e4isches Institut%22;&#8220; collapsed=&#8220;off&#8220;][\/et_pb_section][et_pb_section fb_built=&#8220;1&#8243; _builder_version=&#8220;4.7.1&#8243; _module_preset=&#8220;default&#8220; custom_margin=&#8220;||||false|false&#8220; collapsed=&#8220;off&#8220;][et_pb_row column_structure=&#8220;1_2,1_2&#8243; _builder_version=&#8220;4.7.4&#8243; _module_preset=&#8220;default&#8220;][et_pb_column type=&#8220;1_2&#8243; _builder_version=&#8220;4.7.4&#8243; _module_preset=&#8220;default&#8220;][et_pb_text _builder_version=&#8220;4.7.4&#8243; _module_preset=&#8220;default&#8220;][\/et_pb_text][et_pb_text admin_label=&#8220;Text&#8220; _builder_version=&#8220;4.7.4&#8243; _module_preset=&#8220;default&#8220; header_font=&#8220;Montserrat|||on|||||&#8220; header_text_align=&#8220;left&#8220; header_text_color=&#8220;#661b16&#8243; header_font_size=&#8220;40px&#8220; header_letter_spacing=&#8220;1px&#8220; header_2_font=&#8220;Montserrat|||on|||||&#8220; header_2_text_color=&#8220;#661b16&#8243; header_2_font_size=&#8220;40px&#8220; header_2_letter_spacing=&#8220;1px&#8220; header_3_font=&#8220;Montserrat||||||||&#8220; header_3_text_color=&#8220;#d3adaa&#8220; header_3_font_size=&#8220;30px&#8220; header_3_line_height=&#8220;1.5em&#8220; locked=&#8220;off&#8220;] Religi\u00f6se Vielfalt im Alpenrheintal Regionales Forschungsprojekt (2009-2011) Im Rahmen des l\u00e4nder\u00fcbergreifenden Projekts &#8222;Neue [&hellip;]<\/p>\n","protected":false},"author":1,"featured_media":0,"parent":385,"menu_order":1,"comment_status":"closed","ping_status":"closed","template":"","meta":{"_et_pb_use_builder":"on","_et_pb_old_content":"","_et_gb_content_width":"","footnotes":""},"_links":{"self":[{"href":"https:\/\/europaeisches-institut.com\/de\/wp-json\/wp\/v2\/pages\/389"}],"collection":[{"href":"https:\/\/europaeisches-institut.com\/de\/wp-json\/wp\/v2\/pages"}],"about":[{"href":"https:\/\/europaeisches-institut.com\/de\/wp-json\/wp\/v2\/types\/page"}],"author":[{"embeddable":true,"href":"https:\/\/europaeisches-institut.com\/de\/wp-json\/wp\/v2\/users\/1"}],"replies":[{"embeddable":true,"href":"https:\/\/europaeisches-institut.com\/de\/wp-json\/wp\/v2\/comments?post=389"}],"version-history":[{"count":9,"href":"https:\/\/europaeisches-institut.com\/de\/wp-json\/wp\/v2\/pages\/389\/revisions"}],"predecessor-version":[{"id":1372,"href":"https:\/\/europaeisches-institut.com\/de\/wp-json\/wp\/v2\/pages\/389\/revisions\/1372"}],"up":[{"embeddable":true,"href":"https:\/\/europaeisches-institut.com\/de\/wp-json\/wp\/v2\/pages\/385"}],"wp:attachment":[{"href":"https:\/\/europaeisches-institut.com\/de\/wp-json\/wp\/v2\/media?parent=389"}],"curies":[{"name":"wp","href":"https:\/\/api.w.org\/{rel}","templated":true}]}}