{"id":397,"date":"2020-11-25T16:53:41","date_gmt":"2020-11-25T15:53:41","guid":{"rendered":"http:\/\/europaeisches-institut.com\/?page_id=397"},"modified":"2023-04-04T15:32:35","modified_gmt":"2023-04-04T13:32:35","slug":"religion-mit-fokus-der-oeffentlichkeit","status":"publish","type":"page","link":"https:\/\/europaeisches-institut.com\/de\/projekte-und-veranstaltungen\/projekte\/religion-mit-fokus-der-oeffentlichkeit\/","title":{"rendered":"Religion im Fokus der \u00d6ffentlichkeit"},"content":{"rendered":"<p>[et_pb_section fb_built=&#8220;1&#8243; fullwidth=&#8220;on&#8220; _builder_version=&#8220;4.7.4&#8243; _module_preset=&#8220;default&#8220; background_image=&#8220;https:\/\/europaeisches-institut.com\/wp-content\/uploads\/2020\/12\/slider-gruenderversammlung.jpg&#8220; custom_padding=&#8220;150px||150px||false|false&#8220; custom_css_before=&#8220;content: %22\u00a9 Europ\u00e4isches Institut%22;&#8220;][\/et_pb_section][et_pb_section fb_built=&#8220;1&#8243; _builder_version=&#8220;4.7.1&#8243; _module_preset=&#8220;default&#8220; custom_margin=&#8220;||||false|false&#8220;][et_pb_row _builder_version=&#8220;4.7.1&#8243; _module_preset=&#8220;default&#8220;][et_pb_column type=&#8220;4_4&#8243; _builder_version=&#8220;4.7.1&#8243; _module_preset=&#8220;default&#8220;][\/et_pb_column][\/et_pb_row][et_pb_row column_structure=&#8220;1_2,1_2&#8243; _builder_version=&#8220;4.7.1&#8243; _module_preset=&#8220;default&#8220;][et_pb_column type=&#8220;1_2&#8243; _builder_version=&#8220;4.7.1&#8243; _module_preset=&#8220;default&#8220;][et_pb_image src=&#8220;https:\/\/europaeisches-institut.com\/wp-content\/uploads\/2020\/12\/Studienreihe-Band-11.jpg&#8220; title_text=&#8220;Studienreihe Band 11&#8243; _builder_version=&#8220;4.7.4&#8243; _module_preset=&#8220;default&#8220;][\/et_pb_image][\/et_pb_column][et_pb_column type=&#8220;1_2&#8243; _builder_version=&#8220;4.7.1&#8243; _module_preset=&#8220;default&#8220;][et_pb_text _builder_version=&#8220;4.7.4&#8243; _module_preset=&#8220;default&#8220; header_font=&#8220;Montserrat||||||||&#8220; header_font_size=&#8220;40px&#8220; header_letter_spacing=&#8220;-1px&#8220; header_3_font_size=&#8220;30px&#8220;]<\/p>\n<h1 style=\"text-align: center;\"><span id=\"dnn_ctr397_dnnTITLE_lblTitle\" class=\"title\" style=\"color: #5e0600;\">RELIGION IM FOKUS DER \u00d6FFENTLICHKEIT<\/span><\/h1>\n<h3 style=\"text-align: center;\"><span style=\"color: #d3adaa;\">Interdisziplin\u00e4re Tagungen und Vortr\u00e4ge seit 2011<\/span><\/h3>\n<p>&nbsp;<\/p>\n<p>Seit 2010 l\u00e4uft dieses europaweit angelegte Projekt auf Initiative und in Verantwortung unseres Instituts jeweils mit verschiedenen Kooperationspartnern. Eine erste internationale Fachtagung zum Thema &#8222;Zwischen Kruzifix und Minarett. Religion im Fokus der \u00d6ffentlichkeit&#8220; konnte an der Universit\u00e4t Wien bereits im Oktober 2011 erfolgreich durchf\u00fchrt werden. Die Vortr\u00e4ge dieser Tagung sind inzwischen zur Publikation gelangt.<\/p>\n<p>&nbsp;<\/p>\n<p>Im Mai 2014 fand die zweite Tagung dieser Reihe an der Evangelischen Akademie zu Berlin statt. Dieses Mal ging es vor allem um die Frage von Religion und \u00d6ffentlichkeit am Ort der Schule. F\u00fcr die Zukunft ist eine dritte internationale Fachtagung in Bukarest zum Verh\u00e4ltnis von Religion und Nation im Kontext der orthodoxen Kirchen geplant, gefolgt von einer weiteren sp\u00e4ter in Ankara zur Frage der laizistischen Gesellschaft im islamischen Kontext.<\/p>\n<p>\u200b<\/p>\n<p>[\/et_pb_text][\/et_pb_column][\/et_pb_row][\/et_pb_section][et_pb_section fb_built=&#8220;1&#8243; _builder_version=&#8220;4.7.1&#8243; _module_preset=&#8220;default&#8220; background_color=&#8220;#f9f9f9&#8243;][et_pb_row column_structure=&#8220;3_4,1_4&#8243; _builder_version=&#8220;4.7.1&#8243; _module_preset=&#8220;default&#8220;][et_pb_column type=&#8220;3_4&#8243; _builder_version=&#8220;4.7.1&#8243; _module_preset=&#8220;default&#8220;][et_pb_text _builder_version=&#8220;4.7.4&#8243; _module_preset=&#8220;default&#8220;]<\/p>\n<p>Zugleich finden im Rahmen unseres Projekts immer wieder \u00f6ffentliche Begleitveranstaltungen statt, wie zum Beispiel im Juni 2013 der Vortrag des damaligen Bundestagsvizepr\u00e4sidenten Dr. h.c. Wolfgang Thierse \u00fcber &#8222;Religion ist keine Privatsache&#8220; in Vaduz. Gleiches gilt auch f\u00fcr eine interdisziplin\u00e4re Tagung im September 2015 \u00fcber &#8222;Europ\u00e4ische Kulturk\u00e4mpfe und ihre gegenw\u00e4rtige Bedeutung&#8220; mit \u00f6ffentlichem Vortrag des damaligen Bundestagspr\u00e4sidenten Prof. Dr. Norbert Lammert in Frankfurt a.M.<\/p>\n<p>Zu unserer gleichlautenden Publikation 2017 aus der Verlagsank\u00fcndigung:<\/p>\n<blockquote>\n<p>Kaum eine Woche vergeht, in der nicht \u00fcber einen neuen &#8222;Kulturkampf&#8220; oder Religionskrieg berichtet wird. Die mediale Pr\u00e4senz des Themas belegt, wie aktuell das Problem ist. Doch bereits im 19. und 20. Jahrhundert kam es in Europa zu &#8222;Kulturkampf&#8220; genannten Konflikten zwischen Staat und Kirche, die keineswegs auf Preu\u00dfen und die 1870er\/80er Jahre beschr\u00e4nkt waren. Sie begannen vielmehr im deutschen Vorm\u00e4rz und reichten in einigen europ\u00e4ischen L\u00e4ndern bis weit ins 20. Jahrhundert. Ob das &#8222;Zeitalter der europ\u00e4ischen Kulturk\u00e4mpfe&#8220; (Manuel Borutta) tats\u00e4chlich beendet ist, erscheint angesichts der j\u00fcngsten Weltanschauungskonflikte als eine offene Frage. Der Band untersucht die Auseinandersetzungen zwischen Staat und Religionsgemeinschaften w\u00e4hrend des 19. und 20. Jahrhunderts in Deutschland, Italien, Frankreich, den Niederlanden und der Schweiz.<\/p>\n<\/blockquote>\n<p>[\/et_pb_text][\/et_pb_column][et_pb_column type=&#8220;1_4&#8243; _builder_version=&#8220;4.7.1&#8243; _module_preset=&#8220;default&#8220;][et_pb_image src=&#8220;https:\/\/europaeisches-institut.com\/wp-content\/uploads\/2020\/12\/Cover.jpg&#8220; title_text=&#8220;Buchcover&#8220; _builder_version=&#8220;4.7.4&#8243; _module_preset=&#8220;default&#8220;][\/et_pb_image][\/et_pb_column][\/et_pb_row][\/et_pb_section]<\/p>\n","protected":false},"excerpt":{"rendered":"<p>[et_pb_section fb_built=&#8220;1&#8243; fullwidth=&#8220;on&#8220; _builder_version=&#8220;4.7.4&#8243; _module_preset=&#8220;default&#8220; background_image=&#8220;https:\/\/europaeisches-institut.com\/wp-content\/uploads\/2020\/12\/slider-gruenderversammlung.jpg&#8220; custom_padding=&#8220;150px||150px||false|false&#8220; custom_css_before=&#8220;content: %22\u00a9 Europ\u00e4isches Institut%22;&#8220;][\/et_pb_section][et_pb_section fb_built=&#8220;1&#8243; _builder_version=&#8220;4.7.1&#8243; _module_preset=&#8220;default&#8220; custom_margin=&#8220;||||false|false&#8220;][et_pb_row _builder_version=&#8220;4.7.1&#8243; _module_preset=&#8220;default&#8220;][et_pb_column type=&#8220;4_4&#8243; _builder_version=&#8220;4.7.1&#8243; _module_preset=&#8220;default&#8220;][\/et_pb_column][\/et_pb_row][et_pb_row column_structure=&#8220;1_2,1_2&#8243; _builder_version=&#8220;4.7.1&#8243; _module_preset=&#8220;default&#8220;][et_pb_column type=&#8220;1_2&#8243; _builder_version=&#8220;4.7.1&#8243; _module_preset=&#8220;default&#8220;][et_pb_image src=&#8220;https:\/\/europaeisches-institut.com\/wp-content\/uploads\/2020\/12\/Studienreihe-Band-11.jpg&#8220; title_text=&#8220;Studienreihe Band 11&#8243; _builder_version=&#8220;4.7.4&#8243; _module_preset=&#8220;default&#8220;][\/et_pb_image][\/et_pb_column][et_pb_column type=&#8220;1_2&#8243; _builder_version=&#8220;4.7.1&#8243; _module_preset=&#8220;default&#8220;][et_pb_text _builder_version=&#8220;4.7.4&#8243; _module_preset=&#8220;default&#8220; header_font=&#8220;Montserrat||||||||&#8220; header_font_size=&#8220;40px&#8220; header_letter_spacing=&#8220;-1px&#8220; header_3_font_size=&#8220;30px&#8220;] RELIGION IM FOKUS DER \u00d6FFENTLICHKEIT Interdisziplin\u00e4re Tagungen und Vortr\u00e4ge seit 2011 &nbsp; Seit 2010 [&hellip;]<\/p>\n","protected":false},"author":1,"featured_media":0,"parent":385,"menu_order":4,"comment_status":"closed","ping_status":"closed","template":"","meta":{"_et_pb_use_builder":"on","_et_pb_old_content":"","_et_gb_content_width":"","footnotes":""},"_links":{"self":[{"href":"https:\/\/europaeisches-institut.com\/de\/wp-json\/wp\/v2\/pages\/397"}],"collection":[{"href":"https:\/\/europaeisches-institut.com\/de\/wp-json\/wp\/v2\/pages"}],"about":[{"href":"https:\/\/europaeisches-institut.com\/de\/wp-json\/wp\/v2\/types\/page"}],"author":[{"embeddable":true,"href":"https:\/\/europaeisches-institut.com\/de\/wp-json\/wp\/v2\/users\/1"}],"replies":[{"embeddable":true,"href":"https:\/\/europaeisches-institut.com\/de\/wp-json\/wp\/v2\/comments?post=397"}],"version-history":[{"count":10,"href":"https:\/\/europaeisches-institut.com\/de\/wp-json\/wp\/v2\/pages\/397\/revisions"}],"predecessor-version":[{"id":2022,"href":"https:\/\/europaeisches-institut.com\/de\/wp-json\/wp\/v2\/pages\/397\/revisions\/2022"}],"up":[{"embeddable":true,"href":"https:\/\/europaeisches-institut.com\/de\/wp-json\/wp\/v2\/pages\/385"}],"wp:attachment":[{"href":"https:\/\/europaeisches-institut.com\/de\/wp-json\/wp\/v2\/media?parent=397"}],"curies":[{"name":"wp","href":"https:\/\/api.w.org\/{rel}","templated":true}]}}