{"id":401,"date":"2020-11-25T16:54:06","date_gmt":"2020-11-25T15:54:06","guid":{"rendered":"http:\/\/europaeisches-institut.com\/?page_id=401"},"modified":"2021-01-07T09:10:23","modified_gmt":"2021-01-07T08:10:23","slug":"religioese-bildung","status":"publish","type":"page","link":"https:\/\/europaeisches-institut.com\/de\/projekte-und-veranstaltungen\/projekte\/religioese-bildung\/","title":{"rendered":"Religi\u00f6se Bildung und interkulturelles Lernen"},"content":{"rendered":"<p>[et_pb_section fb_built=&#8220;1&#8243; fullwidth=&#8220;on&#8220; _builder_version=&#8220;4.7.4&#8243; _module_preset=&#8220;default&#8220; background_image=&#8220;https:\/\/europaeisches-institut.com\/wp-content\/uploads\/2020\/12\/slider-gruenderversammlung.jpg&#8220; custom_padding=&#8220;150px||150px||false|false&#8220; custom_css_before=&#8220;content: %22\u00a9 Europ\u00e4isches Institut%22;&#8220;][\/et_pb_section][et_pb_section fb_built=&#8220;1&#8243; _builder_version=&#8220;4.7.1&#8243; _module_preset=&#8220;default&#8220; custom_margin=&#8220;||||false|false&#8220;][et_pb_row _builder_version=&#8220;4.7.1&#8243; _module_preset=&#8220;default&#8220;][et_pb_column type=&#8220;4_4&#8243; _builder_version=&#8220;4.7.1&#8243; _module_preset=&#8220;default&#8220;][et_pb_text admin_label=&#8220;Text&#8220; _builder_version=&#8220;4.7.4&#8243; _module_preset=&#8220;default&#8220; header_font=&#8220;Montserrat|||on|||||&#8220; header_text_align=&#8220;left&#8220; header_text_color=&#8220;#661b16&#8243; header_font_size=&#8220;40px&#8220; header_letter_spacing=&#8220;1px&#8220; header_2_font=&#8220;Freehand|||on|||||&#8220; header_2_text_color=&#8220;#661b16&#8243; header_2_font_size=&#8220;40px&#8220; header_2_letter_spacing=&#8220;1px&#8220; header_3_font=&#8220;Freehand||||||||&#8220; header_3_text_color=&#8220;#d3adaa&#8220; header_3_font_size=&#8220;30px&#8220; header_3_line_height=&#8220;1.5em&#8220; hover_enabled=&#8220;0&#8243; inline_fonts=&#8220;Abel,Cabin&#8220; sticky_enabled=&#8220;0&#8243;]<\/p>\n<h1 style=\"text-align: center;\"><span id=\"dnn_ctr397_dnnTITLE_lblTitle\" class=\"title\">Religi\u00f6se Bildung und interkulturelles Lernen<\/span><\/h1>\n<h3 style=\"text-align: center;\"><span id=\"dnn_ctr397_dnnTITLE_lblTitle\" class=\"title\" style=\"font-family: Cabin; font-weight: normal;\">Ein erfolgreiches ErasmusPlusProjekt (2014-2017)<\/span><\/h3>\n<p>&nbsp;<\/p>\n<p>In der gegenw\u00e4rtigen Bildungsdebatte findet zunehmend mehr Aufmerksamkeit, dass wir heute in einer &#8222;Risikogesellschaft&#8220; leben, in der sich Menschen vielfach in Frage gestellt sehen \u2013 in verschiedenen Arbeitsprozessen ebenso wie auch in unterschiedlichen Lebenssituationen.<\/p>\n<p>Gerade in einer durch Pluralismus und S\u00e4kularismus gepr\u00e4gten Gesellschaft wird es deshalb darauf ankommen, sich auch \u00fcber Fragen und Themen religi\u00f6ser Bildung\u00a0gemeinsam zu verst\u00e4ndigen, um die Individualit\u00e4t wie die Sozialit\u00e4t des Menschen angemessen zur Geltung zu bringen.<\/p>\n<p>In der aktuellen Debatte \u00fcber Religion und Bildung geht es einerseits um grunds\u00e4tzliche religionsp\u00e4dagogische Belange von Schulen und Hochschulen, andererseits zugleich um interkulturelles Lernen in der Begegnung von Menschen unterschiedlicher Konfessionen und Religionen in der pluralen Gesellschaft.<\/p>\n<p>[\/et_pb_text][\/et_pb_column][\/et_pb_row][\/et_pb_section][et_pb_section fb_built=&#8220;1&#8243; _builder_version=&#8220;4.7.1&#8243; _module_preset=&#8220;default&#8220; background_color=&#8220;#f9f9f9&#8243;][et_pb_row column_structure=&#8220;3_4,1_4&#8243; _builder_version=&#8220;4.7.1&#8243; _module_preset=&#8220;default&#8220;][et_pb_column type=&#8220;3_4&#8243; _builder_version=&#8220;4.7.1&#8243; _module_preset=&#8220;default&#8220;][et_pb_text _builder_version=&#8220;4.7.4&#8243; _module_preset=&#8220;default&#8220; header_3_font=&#8220;||||||||&#8220; header_3_text_color=&#8220;#d3adaa&#8220;]<\/p>\n<p>\u201eReligi\u00f6se Bildung und interkulturelles Lernen\u201c \u2013 so lautet nun der Titel und das Programm eines ErasmusPlusProjekts, welches das Europ\u00e4ische Institut f\u00fcr interkulturelle und interreligi\u00f6se Forschung zusammen mit ausgew\u00e4hlten Projektpartnern durchgef\u00fchrt hat und dessen Ertr\u00e4ge in einer eigenen Publikation 2017 pr\u00e4sentiert worden sind:<\/p>\n<blockquote>\n<p>Die strategische Lernpartnerschaft von verschiedenen Institutionen und Personen in Deutschland, Liechtenstein und in der T\u00fcrkei sollte und wollte in exemplarischer Weise dokumentieren, dass das gemeinsame Bem\u00fchen um l\u00e4nder\u00fcberschreitende sowie religions\u00fcbergreifende Begegnung und Verst\u00e4ndigung in Europa auch und gerade am Ort von Schule und Hochschule von elementarer Bedeutung ist.<\/p>\n<\/blockquote>\n<p>2020 hat unser erfolgreiches Projekt als Gewinner im Bildungsbereich den &#8222;Erasmus+Award (2014-2020)&#8220; in Liechtenstein erhalten.<\/p>\n<p>[\/et_pb_text][\/et_pb_column][et_pb_column type=&#8220;1_4&#8243; _builder_version=&#8220;4.7.1&#8243; _module_preset=&#8220;default&#8220;][et_pb_image src=&#8220;https:\/\/europaeisches-institut.com\/wp-content\/uploads\/2020\/12\/Religioese-Bildung.jpg&#8220; title_text=&#8220;Religi\u00f6se Bildung&#8220; _builder_version=&#8220;4.7.4&#8243; _module_preset=&#8220;default&#8220;][\/et_pb_image][\/et_pb_column][\/et_pb_row][\/et_pb_section]<\/p>\n","protected":false},"excerpt":{"rendered":"<p>[et_pb_section fb_built=&#8220;1&#8243; fullwidth=&#8220;on&#8220; _builder_version=&#8220;4.7.4&#8243; _module_preset=&#8220;default&#8220; background_image=&#8220;https:\/\/europaeisches-institut.com\/wp-content\/uploads\/2020\/12\/slider-gruenderversammlung.jpg&#8220; custom_padding=&#8220;150px||150px||false|false&#8220; custom_css_before=&#8220;content: %22\u00a9 Europ\u00e4isches Institut%22;&#8220;][\/et_pb_section][et_pb_section fb_built=&#8220;1&#8243; _builder_version=&#8220;4.7.1&#8243; _module_preset=&#8220;default&#8220; custom_margin=&#8220;||||false|false&#8220;][et_pb_row _builder_version=&#8220;4.7.1&#8243; _module_preset=&#8220;default&#8220;][et_pb_column type=&#8220;4_4&#8243; _builder_version=&#8220;4.7.1&#8243; _module_preset=&#8220;default&#8220;][et_pb_text admin_label=&#8220;Text&#8220; _builder_version=&#8220;4.7.4&#8243; _module_preset=&#8220;default&#8220; header_font=&#8220;Montserrat|||on|||||&#8220; header_text_align=&#8220;left&#8220; header_text_color=&#8220;#661b16&#8243; header_font_size=&#8220;40px&#8220; header_letter_spacing=&#8220;1px&#8220; header_2_font=&#8220;Freehand|||on|||||&#8220; header_2_text_color=&#8220;#661b16&#8243; header_2_font_size=&#8220;40px&#8220; header_2_letter_spacing=&#8220;1px&#8220; header_3_font=&#8220;Freehand||||||||&#8220; header_3_text_color=&#8220;#d3adaa&#8220; header_3_font_size=&#8220;30px&#8220; header_3_line_height=&#8220;1.5em&#8220; hover_enabled=&#8220;0&#8243; inline_fonts=&#8220;Abel,Cabin&#8220; sticky_enabled=&#8220;0&#8243;] Religi\u00f6se Bildung und interkulturelles Lernen Ein erfolgreiches ErasmusPlusProjekt (2014-2017) &nbsp; In der gegenw\u00e4rtigen Bildungsdebatte findet zunehmend [&hellip;]<\/p>\n","protected":false},"author":1,"featured_media":0,"parent":385,"menu_order":6,"comment_status":"closed","ping_status":"closed","template":"","meta":{"_et_pb_use_builder":"on","_et_pb_old_content":"","_et_gb_content_width":"","footnotes":""},"_links":{"self":[{"href":"https:\/\/europaeisches-institut.com\/de\/wp-json\/wp\/v2\/pages\/401"}],"collection":[{"href":"https:\/\/europaeisches-institut.com\/de\/wp-json\/wp\/v2\/pages"}],"about":[{"href":"https:\/\/europaeisches-institut.com\/de\/wp-json\/wp\/v2\/types\/page"}],"author":[{"embeddable":true,"href":"https:\/\/europaeisches-institut.com\/de\/wp-json\/wp\/v2\/users\/1"}],"replies":[{"embeddable":true,"href":"https:\/\/europaeisches-institut.com\/de\/wp-json\/wp\/v2\/comments?post=401"}],"version-history":[{"count":10,"href":"https:\/\/europaeisches-institut.com\/de\/wp-json\/wp\/v2\/pages\/401\/revisions"}],"predecessor-version":[{"id":1517,"href":"https:\/\/europaeisches-institut.com\/de\/wp-json\/wp\/v2\/pages\/401\/revisions\/1517"}],"up":[{"embeddable":true,"href":"https:\/\/europaeisches-institut.com\/de\/wp-json\/wp\/v2\/pages\/385"}],"wp:attachment":[{"href":"https:\/\/europaeisches-institut.com\/de\/wp-json\/wp\/v2\/media?parent=401"}],"curies":[{"name":"wp","href":"https:\/\/api.w.org\/{rel}","templated":true}]}}