{"id":405,"date":"2020-11-25T16:54:25","date_gmt":"2020-11-25T15:54:25","guid":{"rendered":"http:\/\/europaeisches-institut.com\/?page_id=405"},"modified":"2022-03-22T16:53:47","modified_gmt":"2022-03-22T15:53:47","slug":"antisemitismus-in-europa","status":"publish","type":"page","link":"https:\/\/europaeisches-institut.com\/de\/projekte-und-veranstaltungen\/projekte\/antisemitismus-in-europa\/","title":{"rendered":"Antisemitismus in Europa"},"content":{"rendered":"<p>[et_pb_section fb_built=&#8220;1&#8243; fullwidth=&#8220;on&#8220; _builder_version=&#8220;4.7.4&#8243; _module_preset=&#8220;default&#8220; background_image=&#8220;https:\/\/europaeisches-institut.com\/wp-content\/uploads\/2020\/12\/slider-gruenderversammlung.jpg&#8220; custom_padding=&#8220;150px||150px||false|false&#8220; custom_css_before=&#8220;content: %22\u00a9 Europ\u00e4isches Institut%22;&#8220;][\/et_pb_section][et_pb_section fb_built=&#8220;1&#8243; _builder_version=&#8220;4.7.1&#8243; _module_preset=&#8220;default&#8220; custom_margin=&#8220;||||false|false&#8220;][et_pb_row _builder_version=&#8220;4.7.1&#8243; _module_preset=&#8220;default&#8220;][et_pb_column type=&#8220;4_4&#8243; _builder_version=&#8220;4.7.1&#8243; _module_preset=&#8220;default&#8220;][et_pb_text _builder_version=&#8220;4.7.4&#8243; _module_preset=&#8220;default&#8220; header_font=&#8220;Montserrat|||on|||||&#8220; header_text_align=&#8220;left&#8220; header_text_color=&#8220;#661b16&#8243; header_font_size=&#8220;40px&#8220; header_letter_spacing=&#8220;1px&#8220; header_2_font=&#8220;Freehand|||on|||||&#8220; header_2_text_color=&#8220;#661b16&#8243; header_2_font_size=&#8220;40px&#8220; header_2_letter_spacing=&#8220;1px&#8220; header_3_font=&#8220;Freehand||||||||&#8220; header_3_text_color=&#8220;#d3adaa&#8220; header_3_font_size=&#8220;30px&#8220; header_3_line_height=&#8220;1.5em&#8220; inline_fonts=&#8220;Cabin&#8220;]<\/p>\n<h1 style=\"text-align: center;\"><span id=\"dnn_ctr397_dnnTITLE_lblTitle\" class=\"title\">Antisemitismus in Europa<\/span><\/h1>\n<h3 style=\"text-align: center;\"><span id=\"dnn_ctr397_dnnTITLE_lblTitle\" class=\"title\" style=\"font-family: Cabin;\">Unser neues Forschungsprojekt<\/span><\/h3>\n<p>&nbsp;<\/p>\n<p>[\/et_pb_text][\/et_pb_column][\/et_pb_row][et_pb_row column_structure=&#8220;1_2,1_2&#8243; _builder_version=&#8220;4.7.1&#8243; _module_preset=&#8220;default&#8220;][et_pb_column type=&#8220;1_2&#8243; _builder_version=&#8220;4.7.1&#8243; _module_preset=&#8220;default&#8220;][et_pb_text _builder_version=&#8220;4.7.4&#8243; _module_preset=&#8220;default&#8220; header_3_font=&#8220;||||||||&#8220; header_3_text_color=&#8220;#d3adaa&#8220;]<\/p>\n<p><strong><span id=\"dnn_ctr457_pnc.Publisher.Content_MessageHolder\" class=\"Normal\">Unser Institut ist sehr daran interessiert, ein neues Forschungsprojekt\u00a0\u201cAntisemitismus in Europa\u201d zu realisieren. <\/span><\/strong><\/p>\n<p><strong><span id=\"dnn_ctr457_pnc.Publisher.Content_MessageHolder\" class=\"Normal\">Eine erste Publikation ist bereits erschienen.<\/span><\/strong><\/p>\n<p>[\/et_pb_text][\/et_pb_column][et_pb_column type=&#8220;1_2&#8243; _builder_version=&#8220;4.7.1&#8243; _module_preset=&#8220;default&#8220;][et_pb_text _builder_version=&#8220;4.7.4&#8243; _module_preset=&#8220;default&#8220; header_3_font=&#8220;||||||||&#8220; header_3_text_color=&#8220;#d3adaa&#8220;]<\/p>\n<p><span id=\"dnn_ctr457_pnc.Publisher.Content_MessageHolder\" class=\"Normal\">In einerseits vergleichender, andererseits transnationaler Perspektive erforschen die Konsortialpartner m\u00f6gliche europ\u00e4ische Gemeinsamkeiten und Muster, die \u00fcber die Grenzen der Nationalstaaten hinaus wirksam werden und fragen nach den Erfolgschancen gemeinsamer europ\u00e4ischer Gegenma\u00dfnahmen. Komplement\u00e4r dazu werden die weiterhin existierenden nationalen \/ regionalen Besonderheiten hinsichtlich judenfeindlicher Einstellungen und Handlungen analysiert.\u00a0<\/span><\/p>\n<p>[\/et_pb_text][\/et_pb_column][\/et_pb_row][\/et_pb_section][et_pb_section fb_built=&#8220;1&#8243; _builder_version=&#8220;4.7.1&#8243; _module_preset=&#8220;default&#8220; background_color=&#8220;#f9f9f9&#8243;][et_pb_row column_structure=&#8220;3_4,1_4&#8243; _builder_version=&#8220;4.7.1&#8243; _module_preset=&#8220;default&#8220;][et_pb_column type=&#8220;3_4&#8243; _builder_version=&#8220;4.7.1&#8243; _module_preset=&#8220;default&#8220;][et_pb_text _builder_version=&#8220;4.7.4&#8243; _module_preset=&#8220;default&#8220; header_3_font=&#8220;||||||||&#8220; header_3_text_color=&#8220;#d3adaa&#8220;]<\/p>\n<p><span id=\"dnn_ctr457_pnc.Publisher.Content_MessageHolder\" class=\"Normal\">Nicht zuletzt aufgrund unterschiedlicher historischer Erfahrungen variieren antisemitische Einstellungen, Ausdrucksformen und Handlungen, unterscheiden sich Bewusstseinslagen, was \u00fcberhaupt als antisemitisch wahrgenommen wird und wie zivilgesellschaftliche Ma\u00dfnahmen gegen die antidemokratische, zerst\u00f6rerische Kraft von Antisemitismus organisiert werden.<\/span><\/p>\n<p>Wenn Antisemitismus als eine der zentralen Herausforderungen der europ\u00e4ischen Werte und Demokratie verstanden wird, dann m\u00fcssen auch die zum Teil noch immer sehr unterschiedlichen politischen, sozio-\u00f6konomischen und kulturellen Bedingungen in den europ\u00e4ischen Nationalstaaten angemessen ber\u00fccksichtigt werden, um schlie\u00dflich den lokalen Verh\u00e4ltnissen angemessene und dort akzeptierte Konzepte der Pr\u00e4vention und Bek\u00e4mpfung zu entwickeln.<\/p>\n<p>Einige Projektpartner zum Beispiel in Deutschland, \u00d6sterreich, Frankreich und Polen stehen zur Auswahl. Zugleich verweisen wir an dieser Stelle auch auf einschl\u00e4gige Publikationen im Rahmen turnusm\u00e4\u00dfiger Erhebungen.<\/p>\n<p>[\/et_pb_text][et_pb_text _builder_version=&#8220;4.7.4&#8243; _module_preset=&#8220;default&#8220; header_3_font=&#8220;||||||||&#8220; header_3_text_color=&#8220;#d3adaa&#8220; min_height=&#8220;101px&#8220; custom_margin=&#8220;||-13px|||&#8220; custom_padding=&#8220;||3px|||&#8220;]<\/p>\n<p><span style=\"font-size: 16px;\">Hier ein aktueller Hinweis auf unsere <a href=\"https:\/\/www.waxmann.com\/buch4477\">neue Publikation<\/a> (Februar 2022):<\/span><span style=\"font-size: 16px;\"><\/span><\/p>\n<p><span style=\"font-size: 16px;\"><\/span><\/p>\n<p>[\/et_pb_text][\/et_pb_column][et_pb_column type=&#8220;1_4&#8243; _builder_version=&#8220;4.7.1&#8243; _module_preset=&#8220;default&#8220;][et_pb_image src=&#8220;https:\/\/europaeisches-institut.com\/wp-content\/uploads\/2022\/01\/U1.jpg&#8220; title_text=&#8220;U1&#8243; align=&#8220;center&#8220; _builder_version=&#8220;4.7.4&#8243; _module_preset=&#8220;default&#8220; vertical_offset_tablet=&#8220;0&#8243; horizontal_offset_tablet=&#8220;0&#8243; custom_margin=&#8220;16px|||||&#8220; z_index_tablet=&#8220;0&#8243; custom_css_before=&#8220;content: %22\u00a9 Equality%22;&#8220; box_shadow_horizontal_tablet=&#8220;0px&#8220; box_shadow_vertical_tablet=&#8220;0px&#8220; box_shadow_blur_tablet=&#8220;40px&#8220; box_shadow_spread_tablet=&#8220;0px&#8220;]<br \/>\n[\/et_pb_image][\/et_pb_column][\/et_pb_row][\/et_pb_section]<\/p>\n","protected":false},"excerpt":{"rendered":"<p>[et_pb_section fb_built=&#8220;1&#8243; fullwidth=&#8220;on&#8220; _builder_version=&#8220;4.7.4&#8243; _module_preset=&#8220;default&#8220; background_image=&#8220;https:\/\/europaeisches-institut.com\/wp-content\/uploads\/2020\/12\/slider-gruenderversammlung.jpg&#8220; custom_padding=&#8220;150px||150px||false|false&#8220; custom_css_before=&#8220;content: %22\u00a9 Europ\u00e4isches Institut%22;&#8220;][\/et_pb_section][et_pb_section fb_built=&#8220;1&#8243; _builder_version=&#8220;4.7.1&#8243; _module_preset=&#8220;default&#8220; custom_margin=&#8220;||||false|false&#8220;][et_pb_row _builder_version=&#8220;4.7.1&#8243; _module_preset=&#8220;default&#8220;][et_pb_column type=&#8220;4_4&#8243; _builder_version=&#8220;4.7.1&#8243; _module_preset=&#8220;default&#8220;][et_pb_text _builder_version=&#8220;4.7.4&#8243; _module_preset=&#8220;default&#8220; header_font=&#8220;Montserrat|||on|||||&#8220; header_text_align=&#8220;left&#8220; header_text_color=&#8220;#661b16&#8243; header_font_size=&#8220;40px&#8220; header_letter_spacing=&#8220;1px&#8220; header_2_font=&#8220;Freehand|||on|||||&#8220; header_2_text_color=&#8220;#661b16&#8243; header_2_font_size=&#8220;40px&#8220; header_2_letter_spacing=&#8220;1px&#8220; header_3_font=&#8220;Freehand||||||||&#8220; header_3_text_color=&#8220;#d3adaa&#8220; header_3_font_size=&#8220;30px&#8220; header_3_line_height=&#8220;1.5em&#8220; inline_fonts=&#8220;Cabin&#8220;] Antisemitismus in Europa Unser neues Forschungsprojekt &nbsp; [\/et_pb_text][\/et_pb_column][\/et_pb_row][et_pb_row column_structure=&#8220;1_2,1_2&#8243; _builder_version=&#8220;4.7.1&#8243; _module_preset=&#8220;default&#8220;][et_pb_column type=&#8220;1_2&#8243; _builder_version=&#8220;4.7.1&#8243; _module_preset=&#8220;default&#8220;][et_pb_text _builder_version=&#8220;4.7.4&#8243; _module_preset=&#8220;default&#8220; header_3_font=&#8220;||||||||&#8220; header_3_text_color=&#8220;#d3adaa&#8220;] Unser [&hellip;]<\/p>\n","protected":false},"author":1,"featured_media":0,"parent":385,"menu_order":9,"comment_status":"closed","ping_status":"closed","template":"","meta":{"_et_pb_use_builder":"on","_et_pb_old_content":"","_et_gb_content_width":"","footnotes":""},"_links":{"self":[{"href":"https:\/\/europaeisches-institut.com\/de\/wp-json\/wp\/v2\/pages\/405"}],"collection":[{"href":"https:\/\/europaeisches-institut.com\/de\/wp-json\/wp\/v2\/pages"}],"about":[{"href":"https:\/\/europaeisches-institut.com\/de\/wp-json\/wp\/v2\/types\/page"}],"author":[{"embeddable":true,"href":"https:\/\/europaeisches-institut.com\/de\/wp-json\/wp\/v2\/users\/1"}],"replies":[{"embeddable":true,"href":"https:\/\/europaeisches-institut.com\/de\/wp-json\/wp\/v2\/comments?post=405"}],"version-history":[{"count":10,"href":"https:\/\/europaeisches-institut.com\/de\/wp-json\/wp\/v2\/pages\/405\/revisions"}],"predecessor-version":[{"id":1878,"href":"https:\/\/europaeisches-institut.com\/de\/wp-json\/wp\/v2\/pages\/405\/revisions\/1878"}],"up":[{"embeddable":true,"href":"https:\/\/europaeisches-institut.com\/de\/wp-json\/wp\/v2\/pages\/385"}],"wp:attachment":[{"href":"https:\/\/europaeisches-institut.com\/de\/wp-json\/wp\/v2\/media?parent=405"}],"curies":[{"name":"wp","href":"https:\/\/api.w.org\/{rel}","templated":true}]}}