{"id":407,"date":"2020-11-25T16:54:34","date_gmt":"2020-11-25T15:54:34","guid":{"rendered":"http:\/\/europaeisches-institut.com\/?page_id=407"},"modified":"2020-12-30T18:21:14","modified_gmt":"2020-12-30T17:21:14","slug":"reformation-und-islam","status":"publish","type":"page","link":"https:\/\/europaeisches-institut.com\/de\/projekte-und-veranstaltungen\/projekte\/reformation-und-islam\/","title":{"rendered":"Reformation und Islam"},"content":{"rendered":"<p>[et_pb_section fb_built=&#8220;1&#8243; fullwidth=&#8220;on&#8220; _builder_version=&#8220;4.7.4&#8243; _module_preset=&#8220;default&#8220; background_image=&#8220;https:\/\/europaeisches-institut.com\/wp-content\/uploads\/2020\/12\/slider-gruenderversammlung.jpg&#8220; custom_padding=&#8220;150px||150px||false|false&#8220; custom_css_before=&#8220;content: %22\u00a9 Europ\u00e4isches Institut%22;&#8220;][\/et_pb_section][et_pb_section fb_built=&#8220;1&#8243; _builder_version=&#8220;4.7.1&#8243; _module_preset=&#8220;default&#8220; custom_margin=&#8220;||-94px||false|false&#8220;][et_pb_row _builder_version=&#8220;4.7.1&#8243; _module_preset=&#8220;default&#8220; custom_padding=&#8220;||0px|||&#8220;][et_pb_column type=&#8220;4_4&#8243; _builder_version=&#8220;4.7.1&#8243; _module_preset=&#8220;default&#8220;][et_pb_text admin_label=&#8220;Text&#8220; _builder_version=&#8220;4.7.4&#8243; _module_preset=&#8220;default&#8220; header_font=&#8220;Montserrat|||on|||||&#8220; header_text_align=&#8220;left&#8220; header_text_color=&#8220;#661b16&#8243; header_font_size=&#8220;40px&#8220; header_letter_spacing=&#8220;1px&#8220; header_2_font=&#8220;Freehand|||on|||||&#8220; header_2_text_color=&#8220;#661b16&#8243; header_2_font_size=&#8220;40px&#8220; header_2_letter_spacing=&#8220;1px&#8220; header_3_font=&#8220;Montserrat||||||||&#8220; header_3_text_color=&#8220;#d3adaa&#8220; header_3_font_size=&#8220;30px&#8220; header_3_line_height=&#8220;1.5em&#8220; custom_padding=&#8220;||31px|||&#8220; inline_fonts=&#8220;Cabin&#8220;]<\/p>\n<h1 style=\"text-align: center;\"><span id=\"dnn_ctr397_dnnTITLE_lblTitle\" class=\"title\">Reformation und Islam<\/span><\/h1>\n<h3 style=\"text-align: center;\"><span id=\"dnn_ctr397_dnnTITLE_lblTitle\" class=\"title\" style=\"font-family: Cabin;\">Ein gemeinsames Buchprojekt (2018\/19)<\/span><\/h3>\n<p>&nbsp;<\/p>\n<p><span style=\"font-family: inherit;\">Das\u00a0Impulspapier <span>\u201c<\/span>Reformation und Islam\u201c\u00a0der Konferenz f\u00fcr Islamfragen der Evangelischen Kirche in Deutschland (EKD) hat innerhalb und au\u00dferhalb der Kirche Zuspruch und Widerspruch erfahren und zur Diskussion eingeladen.\u00a0<\/span><\/p>\n<p><span style=\"font-family: inherit;\">Unsere neue Publikation <span>\u201c<\/span>Reformation und Islam. Ein Diskurs&#8220;\u00a0(Evangelische Verlagsanstalt Leipzig 2019), herausgegeben von\u00a0 Dr. Werner H\u00f6bsch und Dr. Andr\u00e9 Ritter, zeigt Hintergr\u00fcnde der Entstehung des Textes auf, pr\u00e4sentiert aktuelle Diskussionen zum Thema sowie Perspektiven zum Weiterdenken in Theorie und Praxis.<\/span><\/p>\n<p><span style=\"font-family: inherit;\">Namhafte Wissenschaftlerinnen und Wissenschaftler unter anderem der Kirchengeschichte, der Fundamentaltheologie und der Praktischen Theologie sowie der Islamwissenschaft sind mit vertiefenden und weiterf\u00fchrenden Beitr\u00e4gen in diesem Buch versammelt. Bereichernde Darlegungen aus evangelischer, katholischer und muslimischer Sicht um <span>\u201c<\/span>Reformation und Islam\u201c f\u00fcr alle, die aktuell im christlich-islamischen Dialog engagiert sind, und f\u00fcr die am historischen und theologischen Erbe der Reformation Interessierten.<\/span><\/p>\n<p>&nbsp;<\/p>\n<p>[\/et_pb_text][\/et_pb_column][\/et_pb_row][\/et_pb_section][et_pb_section fb_built=&#8220;1&#8243; _builder_version=&#8220;4.7.4&#8243; _module_preset=&#8220;default&#8220; background_color=&#8220;#f9f9f9&#8243; custom_padding=&#8220;0px|||||&#8220;][et_pb_row column_structure=&#8220;3_4,1_4&#8243; _builder_version=&#8220;4.7.4&#8243; _module_preset=&#8220;default&#8220; custom_margin=&#8220;|auto|-41px|auto||&#8220; custom_padding=&#8220;||128px|||&#8220;][et_pb_column type=&#8220;3_4&#8243; _builder_version=&#8220;4.7.1&#8243; _module_preset=&#8220;default&#8220;][et_pb_text _builder_version=&#8220;4.7.4&#8243; _module_preset=&#8220;default&#8220; header_3_font=&#8220;||||||||&#8220; header_3_text_color=&#8220;#d3adaa&#8220; width=&#8220;100%&#8220; min_height=&#8220;411px&#8220; custom_margin=&#8220;||42px|||&#8220; custom_padding=&#8220;||0px|||&#8220;]<\/p>\n<p>&nbsp;<\/p>\n<p>&nbsp;<\/p>\n<p>&nbsp;<\/p>\n<p>&nbsp;<\/p>\n<p>&nbsp;<\/p>\n<p>&nbsp;<\/p>\n<p>&nbsp;<\/p>\n<p><span lang=\"FR-CH\">Autorinnen und Autoren<\/span><span lang=\"FR-CH\">: <\/span><\/p>\n<p><span lang=\"FR-CH\">Katajun Amirpur, Josef Freise, Detlef G\u00f6rrig, Werner H\u00f6bsch, Mouhanad Khorchide, Karl-Josef Kuschel, Athina Lexutt, Andreas M\u00fchling, Andreas Renz, Andr\u00e9 Ritter, Ertu\u011frul \u015eahin, Klaus von Stosch.<\/span><\/p>\n<p>[\/et_pb_text][\/et_pb_column][et_pb_column type=&#8220;1_4&#8243; _builder_version=&#8220;4.7.1&#8243; _module_preset=&#8220;default&#8220;][et_pb_image src=&#8220;https:\/\/europaeisches-institut.com\/wp-content\/uploads\/2020\/12\/eva_cover.jpg&#8220; title_text=&#8220;eva_cover&#8220; align=&#8220;right&#8220; _builder_version=&#8220;4.7.4&#8243; _module_preset=&#8220;default&#8220; custom_padding=&#8220;||0px|||&#8220;][\/et_pb_image][\/et_pb_column][\/et_pb_row][\/et_pb_section]<\/p>\n","protected":false},"excerpt":{"rendered":"<p>[et_pb_section fb_built=&#8220;1&#8243; fullwidth=&#8220;on&#8220; _builder_version=&#8220;4.7.4&#8243; _module_preset=&#8220;default&#8220; background_image=&#8220;https:\/\/europaeisches-institut.com\/wp-content\/uploads\/2020\/12\/slider-gruenderversammlung.jpg&#8220; custom_padding=&#8220;150px||150px||false|false&#8220; custom_css_before=&#8220;content: %22\u00a9 Europ\u00e4isches Institut%22;&#8220;][\/et_pb_section][et_pb_section fb_built=&#8220;1&#8243; _builder_version=&#8220;4.7.1&#8243; _module_preset=&#8220;default&#8220; custom_margin=&#8220;||-94px||false|false&#8220;][et_pb_row _builder_version=&#8220;4.7.1&#8243; _module_preset=&#8220;default&#8220; custom_padding=&#8220;||0px|||&#8220;][et_pb_column type=&#8220;4_4&#8243; _builder_version=&#8220;4.7.1&#8243; _module_preset=&#8220;default&#8220;][et_pb_text admin_label=&#8220;Text&#8220; _builder_version=&#8220;4.7.4&#8243; _module_preset=&#8220;default&#8220; header_font=&#8220;Montserrat|||on|||||&#8220; header_text_align=&#8220;left&#8220; header_text_color=&#8220;#661b16&#8243; header_font_size=&#8220;40px&#8220; header_letter_spacing=&#8220;1px&#8220; header_2_font=&#8220;Freehand|||on|||||&#8220; header_2_text_color=&#8220;#661b16&#8243; header_2_font_size=&#8220;40px&#8220; header_2_letter_spacing=&#8220;1px&#8220; header_3_font=&#8220;Montserrat||||||||&#8220; header_3_text_color=&#8220;#d3adaa&#8220; header_3_font_size=&#8220;30px&#8220; header_3_line_height=&#8220;1.5em&#8220; custom_padding=&#8220;||31px|||&#8220; inline_fonts=&#8220;Cabin&#8220;] Reformation und Islam Ein gemeinsames Buchprojekt (2018\/19) &nbsp; Das\u00a0Impulspapier \u201cReformation und Islam\u201c\u00a0der Konferenz f\u00fcr Islamfragen der [&hellip;]<\/p>\n","protected":false},"author":1,"featured_media":0,"parent":385,"menu_order":8,"comment_status":"closed","ping_status":"closed","template":"","meta":{"_et_pb_use_builder":"on","_et_pb_old_content":"","_et_gb_content_width":"","footnotes":""},"_links":{"self":[{"href":"https:\/\/europaeisches-institut.com\/de\/wp-json\/wp\/v2\/pages\/407"}],"collection":[{"href":"https:\/\/europaeisches-institut.com\/de\/wp-json\/wp\/v2\/pages"}],"about":[{"href":"https:\/\/europaeisches-institut.com\/de\/wp-json\/wp\/v2\/types\/page"}],"author":[{"embeddable":true,"href":"https:\/\/europaeisches-institut.com\/de\/wp-json\/wp\/v2\/users\/1"}],"replies":[{"embeddable":true,"href":"https:\/\/europaeisches-institut.com\/de\/wp-json\/wp\/v2\/comments?post=407"}],"version-history":[{"count":10,"href":"https:\/\/europaeisches-institut.com\/de\/wp-json\/wp\/v2\/pages\/407\/revisions"}],"predecessor-version":[{"id":1502,"href":"https:\/\/europaeisches-institut.com\/de\/wp-json\/wp\/v2\/pages\/407\/revisions\/1502"}],"up":[{"embeddable":true,"href":"https:\/\/europaeisches-institut.com\/de\/wp-json\/wp\/v2\/pages\/385"}],"wp:attachment":[{"href":"https:\/\/europaeisches-institut.com\/de\/wp-json\/wp\/v2\/media?parent=407"}],"curies":[{"name":"wp","href":"https:\/\/api.w.org\/{rel}","templated":true}]}}