{"id":419,"date":"2020-11-25T17:03:28","date_gmt":"2020-11-25T16:03:28","guid":{"rendered":"http:\/\/europaeisches-institut.com\/?page_id=419"},"modified":"2024-12-02T14:38:13","modified_gmt":"2024-12-02T13:38:13","slug":"kooperationen","status":"publish","type":"page","link":"https:\/\/europaeisches-institut.com\/de\/kooperationen\/","title":{"rendered":"Kooperationen"},"content":{"rendered":"<p>[et_pb_section fb_built=&#8220;1&#8243; fullwidth=&#8220;on&#8220; _builder_version=&#8220;4.7.4&#8243; _module_preset=&#8220;default&#8220; background_image=&#8220;https:\/\/europaeisches-institut.com\/wp-content\/uploads\/2020\/12\/kopfgrafiken-lichtenstein.jpg&#8220; custom_padding=&#8220;150px||150px||false|false&#8220; custom_css_before=&#8220;content: %22\u00a9 Europ\u00e4isches Institut%22;&#8220;][\/et_pb_section][et_pb_section fb_built=&#8220;1&#8243; _builder_version=&#8220;4.7.1&#8243; _module_preset=&#8220;default&#8220; custom_margin=&#8220;||||false|false&#8220;][et_pb_row _builder_version=&#8220;4.7.1&#8243; _module_preset=&#8220;default&#8220;][et_pb_column type=&#8220;4_4&#8243; _builder_version=&#8220;4.7.1&#8243; _module_preset=&#8220;default&#8220;][et_pb_text admin_label=&#8220;Text&#8220; _builder_version=&#8220;4.7.4&#8243; _module_preset=&#8220;default&#8220; header_font=&#8220;Montserrat|||on|||||&#8220; header_text_align=&#8220;left&#8220; header_text_color=&#8220;#661b16&#8243; header_font_size=&#8220;40px&#8220; header_letter_spacing=&#8220;1px&#8220; header_2_font=&#8220;Freehand|||on|||||&#8220; header_2_text_color=&#8220;#661b16&#8243; header_2_font_size=&#8220;40px&#8220; header_2_letter_spacing=&#8220;1px&#8220; header_3_font=&#8220;Freehand||||||||&#8220; header_3_text_color=&#8220;#d3adaa&#8220; header_3_font_size=&#8220;30px&#8220; header_3_line_height=&#8220;1.5em&#8220;]<\/p>\n<h1 style=\"text-align: center;\"><span id=\"dnn_ctr397_dnnTITLE_lblTitle\" class=\"title\">Internationale Kooperationen<\/span><\/h1>\n<p style=\"font-weight: 400;\">\n<p style=\"font-weight: 400;\">\n<p style=\"font-weight: 400;\">Das Europ\u00e4ische Institut f\u00fcr interkulturelle und interreligi\u00f6se Forschung versteht sich gem\u00e4\u00df seiner Zielsetzung als internationales Netzwerk zu Fragen von Migration und Integration, das in den verschiedenen Regionen jeweils unterschiedliche Kooperationen bildet.<\/p>\n<p style=\"font-weight: 400;\">So arbeitet unser Institut zum Beispiel mit der Forschungsplattform &#8222;Religion and Transformation in Contemporary European Society&#8220; der Universit\u00e4t Wien und mit dem Pluralism Project der Harvard University in Boston zusammen.<\/p>\n<p style=\"font-weight: 400;\">\n<p>[\/et_pb_text][et_pb_image src=&#8220;https:\/\/europaeisches-institut.com\/wp-content\/uploads\/2020\/12\/Forschungsplattform-Wien.jpg&#8220; title_text=&#8220;Forschungsplattform Wien&#8220; _builder_version=&#8220;4.7.4&#8243; _module_preset=&#8220;default&#8220;][\/et_pb_image][\/et_pb_column][\/et_pb_row][\/et_pb_section][et_pb_section fb_built=&#8220;1&#8243; _builder_version=&#8220;4.7.1&#8243; _module_preset=&#8220;default&#8220; background_color=&#8220;#f9f9f9&#8243;][et_pb_row column_structure=&#8220;1_2,1_2&#8243; _builder_version=&#8220;4.7.1&#8243; _module_preset=&#8220;default&#8220;][et_pb_column type=&#8220;1_2&#8243; _builder_version=&#8220;4.7.1&#8243; _module_preset=&#8220;default&#8220;][et_pb_text _builder_version=&#8220;4.7.4&#8243; _module_preset=&#8220;default&#8220; header_3_font=&#8220;||||||||&#8220; header_3_text_color=&#8220;#d3adaa&#8220;]<\/p>\n<ul>\n<li style=\"list-style-type: none;\">Dar\u00fcber hinaus hat unser Institut gemeinsam mit anderen europ\u00e4ischen Partnerorganisationen an einer Grundtvig-Lernpartnerschaft zur interkulturellen Wertevermittlung (&#8222;INTERKULT&#8220;) in Deutschland, Italien, Liechtenstein, \u00d6sterreich, Rum\u00e4nien und Tschechien teilgenommen; Unser gemeinsames Anschlussprojekt &#8222;GESWAND &#8211; Erwachsenenbildung f\u00fcr demographisch, kulturell, religi\u00f6s sich wandelnde Gesellschaften in Europa&#8220; f\u00fcr den Zeitraum 2012-2014 ist in Br\u00fcssel genehmigt worden, so dass wir die Arbeit an den jeweils beteiligten Projektstandorten in Deutschland, Liechtenstein und \u00d6sterreich erfolgreich fortsetzen konnten.\u00a0<\/li>\n<\/ul>\n<p>[\/et_pb_text][et_pb_image src=&#8220;https:\/\/europaeisches-institut.com\/wp-content\/uploads\/2020\/12\/erasmus-plus-logo_thumb.png&#8220; title_text=&#8220;erasmus plus logo_thumb&#8220; _builder_version=&#8220;4.7.4&#8243; _module_preset=&#8220;default&#8220;][\/et_pb_image][\/et_pb_column][et_pb_column type=&#8220;1_2&#8243; _builder_version=&#8220;4.7.1&#8243; _module_preset=&#8220;default&#8220;][et_pb_text _builder_version=&#8220;4.7.4&#8243; _module_preset=&#8220;default&#8220; header_3_font=&#8220;||||||||&#8220; header_3_text_color=&#8220;#d3adaa&#8220;]<\/p>\n<p>Im Rahmen des neuen EU-Programms ErasmusPlus konnten wir zwei eigene Projekte realisieren &#8211; &#8222;Community Education&#8220; (CE) und &#8222;Religi\u00f6se Bildung und interkulturelles Lernen&#8220; (RBIKL)\u00a0jeweils mit einer Laufzeit von drei Jahren (2014-2017) und gemeinsam mit verschiedenen Projektpartnern von Ankara bis Br\u00fcssel. Gleiches gilt auch f\u00fcr unsere Kooperation mit SIPCC und einem gemeinsamen\u00a0ErasmusPlusProjekt zu aktuellen Fragen von Integration und Migration in Europa\u00a0(2016\/17). Auf diese Weise ist es uns m\u00f6glich, das bisher Gelernte innerhalb des europaweiten Netzwerks weiterzuentwickeln.<\/p>\n<p>Im Oktober 2018 schlie\u00dflich hat unser Institut\u00a0 eine Vereinbarung unterzeichnet, die eine dauerhafte <a href=\"https:\/\/www.evtheol.lmu.de\/de\/die-fakultaet\/personen\/kontaktseite\/kontaktseite_3200.html\">Kooperation<\/a> mit der LMU in M\u00fcnchen vorbereiten helfen soll.<\/p>\n<p>F\u00fcr unsere internationalen Kooperationen im Bereich von Forschung und Lehre gilt grunds\u00e4tzlich der Hinweis, dass wir um regelm\u00e4\u00dfige Evaluationen bem\u00fcht sind, die den europ\u00e4ischen Standards des Qualit\u00e4tsmanagements entsprechen. Dasselbe gilt auch mit Blick auf die Strategie f\u00fcr die Gleichstellung der Geschlechter der Europ\u00e4ischen Kommission.<\/p>\n<p>[\/et_pb_text][\/et_pb_column][\/et_pb_row][\/et_pb_section]<\/p>\n","protected":false},"excerpt":{"rendered":"<p>[et_pb_section fb_built=&#8220;1&#8243; fullwidth=&#8220;on&#8220; _builder_version=&#8220;4.7.4&#8243; _module_preset=&#8220;default&#8220; background_image=&#8220;https:\/\/europaeisches-institut.com\/wp-content\/uploads\/2020\/12\/kopfgrafiken-lichtenstein.jpg&#8220; custom_padding=&#8220;150px||150px||false|false&#8220; custom_css_before=&#8220;content: %22\u00a9 Europ\u00e4isches Institut%22;&#8220;][\/et_pb_section][et_pb_section fb_built=&#8220;1&#8243; _builder_version=&#8220;4.7.1&#8243; _module_preset=&#8220;default&#8220; custom_margin=&#8220;||||false|false&#8220;][et_pb_row _builder_version=&#8220;4.7.1&#8243; _module_preset=&#8220;default&#8220;][et_pb_column type=&#8220;4_4&#8243; _builder_version=&#8220;4.7.1&#8243; _module_preset=&#8220;default&#8220;][et_pb_text admin_label=&#8220;Text&#8220; _builder_version=&#8220;4.7.4&#8243; _module_preset=&#8220;default&#8220; header_font=&#8220;Montserrat|||on|||||&#8220; header_text_align=&#8220;left&#8220; header_text_color=&#8220;#661b16&#8243; header_font_size=&#8220;40px&#8220; header_letter_spacing=&#8220;1px&#8220; header_2_font=&#8220;Freehand|||on|||||&#8220; header_2_text_color=&#8220;#661b16&#8243; header_2_font_size=&#8220;40px&#8220; header_2_letter_spacing=&#8220;1px&#8220; header_3_font=&#8220;Freehand||||||||&#8220; header_3_text_color=&#8220;#d3adaa&#8220; header_3_font_size=&#8220;30px&#8220; header_3_line_height=&#8220;1.5em&#8220;] Internationale Kooperationen Das Europ\u00e4ische Institut f\u00fcr interkulturelle und interreligi\u00f6se Forschung versteht sich gem\u00e4\u00df seiner Zielsetzung als internationales Netzwerk zu [&hellip;]<\/p>\n","protected":false},"author":1,"featured_media":0,"parent":0,"menu_order":5,"comment_status":"closed","ping_status":"closed","template":"","meta":{"_et_pb_use_builder":"on","_et_pb_old_content":"","_et_gb_content_width":"","footnotes":""},"_links":{"self":[{"href":"https:\/\/europaeisches-institut.com\/de\/wp-json\/wp\/v2\/pages\/419"}],"collection":[{"href":"https:\/\/europaeisches-institut.com\/de\/wp-json\/wp\/v2\/pages"}],"about":[{"href":"https:\/\/europaeisches-institut.com\/de\/wp-json\/wp\/v2\/types\/page"}],"author":[{"embeddable":true,"href":"https:\/\/europaeisches-institut.com\/de\/wp-json\/wp\/v2\/users\/1"}],"replies":[{"embeddable":true,"href":"https:\/\/europaeisches-institut.com\/de\/wp-json\/wp\/v2\/comments?post=419"}],"version-history":[{"count":10,"href":"https:\/\/europaeisches-institut.com\/de\/wp-json\/wp\/v2\/pages\/419\/revisions"}],"predecessor-version":[{"id":2492,"href":"https:\/\/europaeisches-institut.com\/de\/wp-json\/wp\/v2\/pages\/419\/revisions\/2492"}],"wp:attachment":[{"href":"https:\/\/europaeisches-institut.com\/de\/wp-json\/wp\/v2\/media?parent=419"}],"curies":[{"name":"wp","href":"https:\/\/api.w.org\/{rel}","templated":true}]}}