{"id":421,"date":"2020-11-25T17:08:12","date_gmt":"2020-11-25T16:08:12","guid":{"rendered":"http:\/\/europaeisches-institut.com\/?page_id=421"},"modified":"2024-07-25T22:15:15","modified_gmt":"2024-07-25T20:15:15","slug":"publikationen","status":"publish","type":"page","link":"https:\/\/europaeisches-institut.com\/de\/publikationen\/","title":{"rendered":"Publikationen"},"content":{"rendered":"<p>[et_pb_section fb_built=&#8220;1&#8243; fullwidth=&#8220;on&#8220; _builder_version=&#8220;4.7.1&#8243; _module_preset=&#8220;default&#8220;][et_pb_fullwidth_slider module_class=&#8220;copyright&#8220; _builder_version=&#8220;4.7.4&#8243; _module_preset=&#8220;default&#8220;][\/et_pb_fullwidth_slider][\/et_pb_section][et_pb_section fb_built=&#8220;1&#8243; fullwidth=&#8220;on&#8220; _builder_version=&#8220;4.7.4&#8243; _module_preset=&#8220;default&#8220;][et_pb_fullwidth_slider _builder_version=&#8220;4.7.4&#8243; _module_preset=&#8220;default&#8220;][et_pb_slide _builder_version=&#8220;4.7.4&#8243; _module_preset=&#8220;default&#8220; background_enable_color=&#8220;off&#8220; background_image=&#8220;https:\/\/europaeisches-institut.com\/wp-content\/uploads\/2020\/12\/slider-gruenderversammlung.jpg&#8220; background_enable_image=&#8220;on&#8220; custom_css_before=&#8220;content: %22\u00a9 Europ\u00e4isches Institut%22;&#8220; sticky_transition=&#8220;on&#8220;][\/et_pb_slide][et_pb_slide _builder_version=&#8220;4.7.4&#8243; _module_preset=&#8220;default&#8220; background_enable_color=&#8220;off&#8220; background_image=&#8220;https:\/\/europaeisches-institut.com\/wp-content\/uploads\/2020\/12\/slider-lichtenstein.jpg&#8220; background_enable_image=&#8220;on&#8220; custom_css_before=&#8220;content: %22\u00a9 Europ\u00e4isches Institut%22;&#8220; sticky_transition=&#8220;on&#8220;][\/et_pb_slide][et_pb_slide _builder_version=&#8220;4.7.4&#8243; _module_preset=&#8220;default&#8220; background_enable_color=&#8220;off&#8220; background_image=&#8220;https:\/\/europaeisches-institut.com\/wp-content\/uploads\/2020\/12\/slider-fachtagung.jpg&#8220; background_enable_image=&#8220;on&#8220; custom_css_before=&#8220;content: %22\u00a9 Europ\u00e4isches Institut%22;&#8220; sticky_transition=&#8220;on&#8220;][\/et_pb_slide][et_pb_slide _builder_version=&#8220;4.7.4&#8243; _module_preset=&#8220;default&#8220; background_enable_color=&#8220;off&#8220; background_image=&#8220;https:\/\/europaeisches-institut.com\/wp-content\/uploads\/2020\/12\/slider-ankara.jpg&#8220; background_enable_image=&#8220;on&#8220; custom_css_before=&#8220;content: %22\u00a9 Europ\u00e4isches Institut%22;&#8220; sticky_transition=&#8220;on&#8220;][\/et_pb_slide][\/et_pb_fullwidth_slider][\/et_pb_section][et_pb_section fb_built=&#8220;1&#8243; specialty=&#8220;on&#8220; _builder_version=&#8220;4.7.1&#8243; _module_preset=&#8220;default&#8220;][et_pb_column type=&#8220;1_2&#8243; specialty_columns=&#8220;2&#8243; _builder_version=&#8220;3.25&#8243; custom_padding=&#8220;|||&#8220; custom_padding__hover=&#8220;|||&#8220;][et_pb_row_inner _builder_version=&#8220;4.7.1&#8243; _module_preset=&#8220;default&#8220;][et_pb_column_inner saved_specialty_column_type=&#8220;1_2&#8243; _builder_version=&#8220;4.7.1&#8243; _module_preset=&#8220;default&#8220;][et_pb_text admin_label=&#8220;Text&#8220; _builder_version=&#8220;4.7.4&#8243; _module_preset=&#8220;default&#8220; header_font=&#8220;Montserrat|||on|||||&#8220; header_text_align=&#8220;left&#8220; header_text_color=&#8220;#661b16&#8243; header_font_size=&#8220;40px&#8220; header_letter_spacing=&#8220;1px&#8220; header_2_font=&#8220;Montserrat|||on|||||&#8220; header_2_text_color=&#8220;#661b16&#8243; header_2_font_size=&#8220;40px&#8220; header_2_letter_spacing=&#8220;1px&#8220; header_3_font=&#8220;Montserrat||||||||&#8220; header_3_text_color=&#8220;#d3adaa&#8220; header_3_font_size=&#8220;30px&#8220; header_3_line_height=&#8220;1.5em&#8220;]<\/p>\n<h1>Begegnung und Verst\u00e4ndigung<\/h1>\n<h3>Unsere Publikation zum Institutsjubil\u00e4um 2019<\/h3>\n<p>&nbsp;<\/p>\n<p>\u00a0<span style=\"font-size: 16px;\">15 Jahre seit der Gr\u00fcndung unseres Instituts\u00a0im Oktober 2004 sind Anlass genug, dankbar die bisherigen Erfahrungen und Einsichten unseres gemeinsamen Weges mit verschiedenen Projekten und Publikationen zu dokumentieren und das auf vielf\u00e4ltige Weise bisher Erreichte in einer Art Synopse zugleich kritisch zu reflektieren.<\/span><\/p>\n<p>Keineswegs zuf\u00e4llig sind es immer wieder hermeneutische Grundfragen im interreligi\u00f6sen Dialog, die unsere T\u00e4tigkeit in Forschung und Lehre als Begegnung und Verst\u00e4ndigung an jeweils unterschiedlichen Orten in Europa aufgeworfen hat. Dar\u00fcber soll in und mit dieser Ver\u00f6ffentlichung Rechenschaft abgelegt werden.<\/p>\n<p>Auf diese Weise laden wir im Rahmen unserer Weg- und Lerngemeinschaft alle zum Gespr\u00e4ch ein, die mit uns \u00fcber das Eigene im Fremden bzw. \u00fcber das Fremde im Eigenen nachdenken wollen \u2013 unbeschadet der jeweiligen Herkunft, Kultur und Religion.<\/p>\n<p>&nbsp;<\/p>\n<p>[\/et_pb_text][\/et_pb_column_inner][\/et_pb_row_inner][\/et_pb_column][et_pb_column type=&#8220;1_2&#8243; _builder_version=&#8220;3.25&#8243; custom_padding=&#8220;|||&#8220; custom_padding__hover=&#8220;|||&#8220;][et_pb_image src=&#8220;https:\/\/europaeisches-institut.com\/wp-content\/uploads\/2020\/12\/Aktuelle-Publikation.jpg&#8220; title_text=&#8220;Aktuelle Publikation&#8220; _builder_version=&#8220;4.7.4&#8243; _module_preset=&#8220;default&#8220;][\/et_pb_image][\/et_pb_column][\/et_pb_section]<\/p>\n","protected":false},"excerpt":{"rendered":"<p>15 Jahre seit der Gr\u00fcndung des Europ\u00e4ischen Instituts f\u00fcr interkulturelle und interreligi\u00f6se Forschung im Oktober 2004 sind Anlass genug, dankbar die bisherigen Erfahrungen und Einsichten unseres gemeinsamen Weges mit verschiedenen Projekten und Publikationen zu dokumentieren und das auf vielf\u00e4ltige Weise bisher Erreichte in einer Art Synopse zugleich kritisch zu reflektieren.<br \/>\nKeineswegs zuf\u00e4llig sind es immer wieder hermeneutische Grundfragen im interreligi\u00f6sen Dialog, die unsere T\u00e4tigkeit in Forschung und Lehre als Begegnung<br \/>\nund Verst\u00e4ndigung an jeweils unterschiedlichen Orten in Europa aufgeworfen hat. Dar\u00fcber soll in und mit dieser Ver\u00f6ffentlichung Rechenschaft abgelegt werden.<br \/>\nAuf diese Weise laden wir im Rahmen unserer Weg- und Lerngemeinschaft alle zum Gespr\u00e4ch ein, die mit uns \u00fcber das Eigene im Fremden bzw. \u00fcber das Fremde im<br \/>\nEigenen nachdenken wollen \u2013 unbeschadet der jeweiligen Herkunft, Kultur und Religion.<\/p>\n","protected":false},"author":1,"featured_media":0,"parent":0,"menu_order":6,"comment_status":"closed","ping_status":"closed","template":"","meta":{"_et_pb_use_builder":"on","_et_pb_old_content":"","_et_gb_content_width":"","footnotes":""},"_links":{"self":[{"href":"https:\/\/europaeisches-institut.com\/de\/wp-json\/wp\/v2\/pages\/421"}],"collection":[{"href":"https:\/\/europaeisches-institut.com\/de\/wp-json\/wp\/v2\/pages"}],"about":[{"href":"https:\/\/europaeisches-institut.com\/de\/wp-json\/wp\/v2\/types\/page"}],"author":[{"embeddable":true,"href":"https:\/\/europaeisches-institut.com\/de\/wp-json\/wp\/v2\/users\/1"}],"replies":[{"embeddable":true,"href":"https:\/\/europaeisches-institut.com\/de\/wp-json\/wp\/v2\/comments?post=421"}],"version-history":[{"count":10,"href":"https:\/\/europaeisches-institut.com\/de\/wp-json\/wp\/v2\/pages\/421\/revisions"}],"predecessor-version":[{"id":2367,"href":"https:\/\/europaeisches-institut.com\/de\/wp-json\/wp\/v2\/pages\/421\/revisions\/2367"}],"wp:attachment":[{"href":"https:\/\/europaeisches-institut.com\/de\/wp-json\/wp\/v2\/media?parent=421"}],"curies":[{"name":"wp","href":"https:\/\/api.w.org\/{rel}","templated":true}]}}