{"id":81,"date":"2020-11-23T15:32:52","date_gmt":"2020-11-23T14:32:52","guid":{"rendered":"http:\/\/europaeisches-institut.com\/?page_id=81"},"modified":"2026-04-14T20:17:42","modified_gmt":"2026-04-14T18:17:42","slug":"institutsleitung","status":"publish","type":"page","link":"https:\/\/europaeisches-institut.com\/de\/institutsleitung\/","title":{"rendered":"Institutsleitung"},"content":{"rendered":"<p>[et_pb_section fb_built=&#8220;1&#8243; fullwidth=&#8220;on&#8220; _builder_version=&#8220;4.7.4&#8243; _module_preset=&#8220;default&#8220; background_image=&#8220;https:\/\/europaeisches-institut.com\/wp-content\/uploads\/2020\/12\/slider-gruenderversammlung.jpg&#8220; custom_padding=&#8220;150px||150px||false|false&#8220; custom_css_before=&#8220;content: %22\u00a9 Europ\u00e4isches Institut%22;&#8220;][\/et_pb_section][et_pb_section fb_built=&#8220;1&#8243; _builder_version=&#8220;4.7.1&#8243; _module_preset=&#8220;default&#8220; custom_margin=&#8220;||||false|false&#8220;][et_pb_row _builder_version=&#8220;4.7.1&#8243; _module_preset=&#8220;default&#8220;][et_pb_column type=&#8220;4_4&#8243; _builder_version=&#8220;4.7.1&#8243; _module_preset=&#8220;default&#8220;][et_pb_text _builder_version=&#8220;4.7.4&#8243; _module_preset=&#8220;default&#8220; header_font=&#8220;Montserrat|||on|||||&#8220; header_text_align=&#8220;left&#8220; header_text_color=&#8220;#661b16&#8243; header_font_size=&#8220;40px&#8220; header_letter_spacing=&#8220;1px&#8220; header_2_font=&#8220;Freehand|||on|||||&#8220; header_2_text_color=&#8220;#661b16&#8243; header_2_font_size=&#8220;40px&#8220; header_2_letter_spacing=&#8220;1px&#8220; header_3_font=&#8220;Freehand||||||||&#8220; header_3_text_color=&#8220;#d3adaa&#8220; header_3_font_size=&#8220;30px&#8220; header_3_line_height=&#8220;1.5em&#8220;]<\/p>\n<h1 style=\"text-align: center;\">Vorstand (B\u00fcro in Heidelberg)<\/h1>\n<p style=\"text-align: center;\">[\/et_pb_text][\/et_pb_column][\/et_pb_row][\/et_pb_section][et_pb_section fb_built=&#8220;1&#8243; _builder_version=&#8220;4.7.4&#8243; _module_preset=&#8220;default&#8220; background_color=&#8220;#f9f9f9&#8243;][et_pb_row _builder_version=&#8220;4.7.4&#8243; _module_preset=&#8220;default&#8220;][et_pb_column type=&#8220;4_4&#8243; _builder_version=&#8220;3.25&#8243; custom_padding=&#8220;|||&#8220; custom_padding__hover=&#8220;|||&#8220;][et_pb_blurb image=&#8220;https:\/\/europaeisches-institut.com\/wp-content\/uploads\/2020\/12\/dr-andre-ritter.jpg&#8220; _builder_version=&#8220;4.7.4&#8243; _module_preset=&#8220;default&#8220; header_level=&#8220;h3&#8243; header_font=&#8220;||||||||&#8220; header_text_color=&#8220;#d3adaa&#8220; header_font_size=&#8220;30px&#8220; custom_css_before=&#8220;content: %22\u00a9 Europ\u00e4isches Institut%22;&#8220;]<\/p>\n<h4><strong>Dr. Andr\u00e9 Ritter<\/strong><\/h4>\n<p>Dr. theol., 1981-1988 Studium der Evangelischen Theologie in Wuppertal, T\u00fcbingen, Bern und Z\u00fcrich, 1989-1996 Synodalbeauftragter des Evangelischen Kirchenkreises Bonn f\u00fcr den christlich-islamischen Dialog, nach dem Vikariat 1991-1996 Studieninspektor des Evangelisch-Theologischen Studienhauses Adolf-Clarenbach der Rheinischen Landeskirche in Bonn.<\/p>\n<p>1997 Promotion an der Kirchlichen Hochschule Wuppertal mit einer Dissertation \u00fcber den Dialog von Christen und Muslimen, Mitbegr\u00fcnder der wissenschaftlichen Reihe &#8222;Studien zum interreligi\u00f6sen Dialog&#8220; (ebv Hamburg \/ Waxmann-Verlag M\u00fcnster),\u00a0bis 2012\u00a0im Pfarramt der Evangelischen Kirche im F\u00fcrstentum Liechtenstein.<\/p>\n<p>2002-2010 Lehrbeauftragter f\u00fcr \u00d6kumenische Theologie an der Universit\u00e4t Luzern, 2007 Fellowship an der Harvard Divinity School in Boston-Cambridge (USA). Seit 2012 verschiedene Lehrauftr\u00e4ge an der PH Heidelberg bzw. PH Karlsruhe, 2017 Dozent am Weltethos-Institut an der Universit\u00e4t T\u00fcbingen sowie seit 2018 Lehrbeauftragter an der Universit\u00e4t M\u00fcnchen.<\/p>\n<p><span>Nach 20 Jahren der Leitung unseres Instituts geht\u00a0<\/span><a href=\"https:\/\/www.evtheol.lmu.de\/de\/die-fakultaet\/personen\/kontaktseite\/andre-ritter-24f34c82.html\">Direktor Dr. Andr\u00e9 Ritter<\/a><span>\u00a0zum 1. Januar 2025 in den Ruhestand. Fortan wird er sich im Bereich interkultureller und interreligi\u00f6ser Forschung beratend und lehrend bet\u00e4tigen. <\/span><span>Die gGmbH wird binnen n\u00fctzlicher Frist aufgel\u00f6st werden, das B\u00fcro in Heidelberg bleibt bestehen.<\/span><\/p>\n<p>[\/et_pb_blurb][\/et_pb_column][\/et_pb_row][\/et_pb_section]<\/p>\n","protected":false},"excerpt":{"rendered":"<p>[et_pb_section fb_built=&#8220;1&#8243; fullwidth=&#8220;on&#8220; _builder_version=&#8220;4.7.4&#8243; _module_preset=&#8220;default&#8220; background_image=&#8220;https:\/\/europaeisches-institut.com\/wp-content\/uploads\/2020\/12\/slider-gruenderversammlung.jpg&#8220; custom_padding=&#8220;150px||150px||false|false&#8220; custom_css_before=&#8220;content: %22\u00a9 Europ\u00e4isches Institut%22;&#8220;][\/et_pb_section][et_pb_section fb_built=&#8220;1&#8243; _builder_version=&#8220;4.7.1&#8243; _module_preset=&#8220;default&#8220; custom_margin=&#8220;||||false|false&#8220;][et_pb_row _builder_version=&#8220;4.7.1&#8243; _module_preset=&#8220;default&#8220;][et_pb_column type=&#8220;4_4&#8243; _builder_version=&#8220;4.7.1&#8243; _module_preset=&#8220;default&#8220;][et_pb_text _builder_version=&#8220;4.7.4&#8243; _module_preset=&#8220;default&#8220; header_font=&#8220;Montserrat|||on|||||&#8220; header_text_align=&#8220;left&#8220; header_text_color=&#8220;#661b16&#8243; header_font_size=&#8220;40px&#8220; header_letter_spacing=&#8220;1px&#8220; header_2_font=&#8220;Freehand|||on|||||&#8220; header_2_text_color=&#8220;#661b16&#8243; header_2_font_size=&#8220;40px&#8220; header_2_letter_spacing=&#8220;1px&#8220; header_3_font=&#8220;Freehand||||||||&#8220; header_3_text_color=&#8220;#d3adaa&#8220; header_3_font_size=&#8220;30px&#8220; header_3_line_height=&#8220;1.5em&#8220;] Vorstand (B\u00fcro in Heidelberg) [\/et_pb_text][\/et_pb_column][\/et_pb_row][\/et_pb_section][et_pb_section fb_built=&#8220;1&#8243; _builder_version=&#8220;4.7.4&#8243; _module_preset=&#8220;default&#8220; background_color=&#8220;#f9f9f9&#8243;][et_pb_row _builder_version=&#8220;4.7.4&#8243; _module_preset=&#8220;default&#8220;][et_pb_column type=&#8220;4_4&#8243; _builder_version=&#8220;3.25&#8243; custom_padding=&#8220;|||&#8220; custom_padding__hover=&#8220;|||&#8220;][et_pb_blurb image=&#8220;https:\/\/europaeisches-institut.com\/wp-content\/uploads\/2020\/12\/dr-andre-ritter.jpg&#8220; _builder_version=&#8220;4.7.4&#8243; _module_preset=&#8220;default&#8220; header_level=&#8220;h3&#8243; header_font=&#8220;||||||||&#8220; [&hellip;]<\/p>\n","protected":false},"author":1,"featured_media":0,"parent":0,"menu_order":2,"comment_status":"closed","ping_status":"closed","template":"","meta":{"_et_pb_use_builder":"on","_et_pb_old_content":"","_et_gb_content_width":"","footnotes":""},"_links":{"self":[{"href":"https:\/\/europaeisches-institut.com\/de\/wp-json\/wp\/v2\/pages\/81"}],"collection":[{"href":"https:\/\/europaeisches-institut.com\/de\/wp-json\/wp\/v2\/pages"}],"about":[{"href":"https:\/\/europaeisches-institut.com\/de\/wp-json\/wp\/v2\/types\/page"}],"author":[{"embeddable":true,"href":"https:\/\/europaeisches-institut.com\/de\/wp-json\/wp\/v2\/users\/1"}],"replies":[{"embeddable":true,"href":"https:\/\/europaeisches-institut.com\/de\/wp-json\/wp\/v2\/comments?post=81"}],"version-history":[{"count":10,"href":"https:\/\/europaeisches-institut.com\/de\/wp-json\/wp\/v2\/pages\/81\/revisions"}],"predecessor-version":[{"id":2602,"href":"https:\/\/europaeisches-institut.com\/de\/wp-json\/wp\/v2\/pages\/81\/revisions\/2602"}],"wp:attachment":[{"href":"https:\/\/europaeisches-institut.com\/de\/wp-json\/wp\/v2\/media?parent=81"}],"curies":[{"name":"wp","href":"https:\/\/api.w.org\/{rel}","templated":true}]}}