{"id":1092,"date":"2020-12-03T16:03:24","date_gmt":"2020-12-03T15:03:24","guid":{"rendered":"https:\/\/europaeisches-institut.com\/?page_id=1092"},"modified":"2021-01-07T09:58:10","modified_gmt":"2021-01-07T08:58:10","slug":"religious-diversity-in-the-alpine-rhine-valley","status":"publish","type":"page","link":"https:\/\/europaeisches-institut.com\/en\/projects-and-events\/project\/religious-diversity-in-the-alpine-rhine-valley\/","title":{"rendered":"Religious Diversity in the alpine Rhine Valley"},"content":{"rendered":"<p>[et_pb_section fb_built=&#8221;1&#8243; fullwidth=&#8221;on&#8221; _builder_version=&#8221;4.7.4&#8243; _module_preset=&#8221;default&#8221; background_image=&#8221;https:\/\/europaeisches-institut.com\/wp-content\/uploads\/2020\/12\/slider-gruenderversammlung.jpg&#8221; custom_padding=&#8221;150px||150px||false|false&#8221; custom_css_before=&#8221;content: %22\u00a9 Europ\u00e4isches Institut%22;&#8221; collapsed=&#8221;off&#8221;][\/et_pb_section][et_pb_section fb_built=&#8221;1&#8243; _builder_version=&#8221;4.7.1&#8243; _module_preset=&#8221;default&#8221; custom_margin=&#8221;||||false|false&#8221; collapsed=&#8221;off&#8221;][et_pb_row column_structure=&#8221;1_2,1_2&#8243; _builder_version=&#8221;4.7.4&#8243; _module_preset=&#8221;default&#8221; hover_enabled=&#8221;0&#8243; sticky_enabled=&#8221;0&#8243;][et_pb_column type=&#8221;1_2&#8243; _builder_version=&#8221;4.7.4&#8243; _module_preset=&#8221;default&#8221;][et_pb_text _builder_version=&#8221;4.7.4&#8243; _module_preset=&#8221;default&#8221;][\/et_pb_text][et_pb_text admin_label=&#8221;Text&#8221; _builder_version=&#8221;4.7.4&#8243; _module_preset=&#8221;default&#8221; header_font=&#8221;Montserrat|||on|||||&#8221; header_text_align=&#8221;left&#8221; header_text_color=&#8221;#661b16&#8243; header_font_size=&#8221;40px&#8221; header_letter_spacing=&#8221;1px&#8221; header_2_font=&#8221;Montserrat|||on|||||&#8221; header_2_text_color=&#8221;#661b16&#8243; header_2_font_size=&#8221;40px&#8221; header_2_letter_spacing=&#8221;1px&#8221; header_3_font=&#8221;Montserrat||||||||&#8221; header_3_text_color=&#8221;#d3adaa&#8221; header_3_font_size=&#8221;30px&#8221; header_3_line_height=&#8221;1.5em&#8221; locked=&#8221;off&#8221;]<\/p>\n<h1>Religious Diversity in the alpine Rhine Valley<\/h1>\n<h3>Regional Research Project (2009-2011)<\/h3>\n<p style=\"font-weight: 400;\">\n<div>\n<p><span>As part of the transnational project \u201cNeue Herausforderungen f\u00fcr das Zusammenleben in einem kulturell und religi\u00f6s pluralistischen Europa\u201d (New Challenges for Living Together in a Culturally and Religiously Pluralistic Europe), our institute investigated cultural and religious diversity across borders in the Alpine Rhine Valley region.<\/span><\/p>\n<p><span>After initial preparatory work and related events, an empirical study was conducted since 2009 together with local and regional cooperation partners in Liechtenstein, in Vorarlberg and in Eastern Switzerland. <\/span><\/p>\n<p><span>Thanks to the generous financial support of the Princely Government, we were able to complete the research project on schedule in 2011 within the framework of a three-year grant. In cooperation with the Liechtenstein Institute, we then published our comprehensive research report in 2012.<\/span><\/p>\n<p>&nbsp;<\/p>\n<p>&nbsp;<\/p>\n<\/div>\n<div>\u00a0<\/div>\n<p>&nbsp;<\/p>\n<p>[\/et_pb_text][\/et_pb_column][et_pb_column type=&#8221;1_2&#8243; _builder_version=&#8221;4.7.4&#8243; _module_preset=&#8221;default&#8221;][et_pb_image src=&#8221;https:\/\/europaeisches-institut.com\/wp-content\/uploads\/2020\/12\/Religioese-Vielfalt-2.png&#8221; title_text=&#8221;Religi\u00f6se Vielfalt&#8221; _builder_version=&#8221;4.7.4&#8243; _module_preset=&#8221;default&#8221;][\/et_pb_image][\/et_pb_column][\/et_pb_row][\/et_pb_section]<\/p>\n","protected":false},"excerpt":{"rendered":"<p>[et_pb_section fb_built=&#8221;1&#8243; fullwidth=&#8221;on&#8221; _builder_version=&#8221;4.7.4&#8243; _module_preset=&#8221;default&#8221; background_image=&#8221;https:\/\/europaeisches-institut.com\/wp-content\/uploads\/2020\/12\/slider-gruenderversammlung.jpg&#8221; custom_padding=&#8221;150px||150px||false|false&#8221; custom_css_before=&#8221;content: %22\u00a9 Europ\u00e4isches Institut%22;&#8221; collapsed=&#8221;off&#8221;][\/et_pb_section][et_pb_section fb_built=&#8221;1&#8243; _builder_version=&#8221;4.7.1&#8243; _module_preset=&#8221;default&#8221; custom_margin=&#8221;||||false|false&#8221; collapsed=&#8221;off&#8221;][et_pb_row column_structure=&#8221;1_2,1_2&#8243; _builder_version=&#8221;4.7.4&#8243; _module_preset=&#8221;default&#8221; hover_enabled=&#8221;0&#8243; sticky_enabled=&#8221;0&#8243;][et_pb_column type=&#8221;1_2&#8243; _builder_version=&#8221;4.7.4&#8243; _module_preset=&#8221;default&#8221;][et_pb_text _builder_version=&#8221;4.7.4&#8243; _module_preset=&#8221;default&#8221;][\/et_pb_text][et_pb_text admin_label=&#8221;Text&#8221; _builder_version=&#8221;4.7.4&#8243; _module_preset=&#8221;default&#8221; header_font=&#8221;Montserrat|||on|||||&#8221; header_text_align=&#8221;left&#8221; header_text_color=&#8221;#661b16&#8243; header_font_size=&#8221;40px&#8221; header_letter_spacing=&#8221;1px&#8221; header_2_font=&#8221;Montserrat|||on|||||&#8221; header_2_text_color=&#8221;#661b16&#8243; header_2_font_size=&#8221;40px&#8221; header_2_letter_spacing=&#8221;1px&#8221; header_3_font=&#8221;Montserrat||||||||&#8221; header_3_text_color=&#8221;#d3adaa&#8221; header_3_font_size=&#8221;30px&#8221; header_3_line_height=&#8221;1.5em&#8221; locked=&#8221;off&#8221;] Religious Diversity in the alpine Rhine Valley Regional Research Project (2009-2011) [&hellip;]<\/p>\n","protected":false},"author":1,"featured_media":0,"parent":454,"menu_order":1,"comment_status":"closed","ping_status":"closed","template":"","meta":{"_et_pb_use_builder":"on","_et_pb_old_content":"<p>[et_pb_section fb_built=\"1\" fullwidth=\"on\" _builder_version=\"4.7.4\" _module_preset=\"default\" background_image=\"https:\/\/europaeisches-institut.com\/wp-content\/uploads\/2020\/12\/slider-gruenderversammlung.jpg\" custom_padding=\"150px||150px||false|false\" custom_css_before=\"content: %22\u00a9 Europ\u00e4isches Institut%22;\" collapsed=\"off\"][\/et_pb_section][et_pb_section fb_built=\"1\" _builder_version=\"4.7.1\" _module_preset=\"default\" custom_margin=\"||||false|false\" collapsed=\"off\"][et_pb_row column_structure=\"1_2,1_2\" _builder_version=\"4.7.4\" _module_preset=\"default\"][et_pb_column type=\"1_2\" _builder_version=\"4.7.4\" _module_preset=\"default\"][et_pb_text _builder_version=\"4.7.4\" _module_preset=\"default\" hover_enabled=\"0\" sticky_enabled=\"0\"][\/et_pb_text][et_pb_text admin_label=\"Text\" _builder_version=\"4.7.4\" _module_preset=\"default\" header_font=\"Montserrat|||on|||||\" header_text_align=\"left\" header_text_color=\"#661b16\" header_font_size=\"40px\" header_letter_spacing=\"1px\" header_2_font=\"Montserrat|||on|||||\" header_2_text_color=\"#661b16\" header_2_font_size=\"40px\" header_2_letter_spacing=\"1px\" header_3_font=\"Montserrat||||||||\" header_3_text_color=\"#d3adaa\" header_3_font_size=\"30px\" header_3_line_height=\"1.5em\" hover_enabled=\"0\" locked=\"off\" sticky_enabled=\"0\"]<\/p><h1>Religi\u00f6se Vielfalt im Alpenrheintal<\/h1><h3>Unser regionales Vorzeigeprojekt (2009-2011)<\/h3><p>Im Rahmen des l\u00e4nder\u00fcbergreifenden Projekts \"Neue Herausforderungen f\u00fcr das Zusammenleben in einem kulturell und religi\u00f6s pluralistischen Europa\" untersuchte\u00a0 unser Institut auch die grenz\u00fcberschreitende kulturelle und religi\u00f6se Vielfalt in der Region des Alpenrheintals.<\/p><p>Nach ersten Vorarbeiten und entsprechenden Veranstaltungen wurde das Forschungsprojekt mit lokalen und regionalen Kooperationspartnern in Liechtenstein, in Vorarlberg und in der Ostschweiz seit 2009 im Sinne einer empirischen Studie fortgesetzt.<\/p><div>\u00a0<\/div><div>Dank der gro\u00dfz\u00fcgigen finanziellen Unterst\u00fctzung durch die F\u00fcrstliche Regierung war es uns 2011 m\u00f6glich, das Forschungsprojekt im Rahmen einer dreij\u00e4hrigen F\u00f6rderung planm\u00e4\u00dfig abzuschlie\u00dfen.<\/div><div>\u00a0<\/div><div>In Zusammenarbeit mit dem Liechtenstein-Institut haben wir unseren umfassenden Forschungsbericht dann 2012 publiziert.<\/div><p>\u00a0<\/p><p>[\/et_pb_text][\/et_pb_column][et_pb_column type=\"1_2\" _builder_version=\"4.7.4\" _module_preset=\"default\"][et_pb_image src=\"https:\/\/europaeisches-institut.com\/wp-content\/uploads\/2020\/12\/Religioese-Vielfalt-2.png\" title_text=\"Religi\u00f6se Vielfalt\" _builder_version=\"4.7.4\" _module_preset=\"default\"][\/et_pb_image][\/et_pb_column][\/et_pb_row][\/et_pb_section]<\/p>","_et_gb_content_width":"","footnotes":""},"_links":{"self":[{"href":"https:\/\/europaeisches-institut.com\/en\/wp-json\/wp\/v2\/pages\/1092"}],"collection":[{"href":"https:\/\/europaeisches-institut.com\/en\/wp-json\/wp\/v2\/pages"}],"about":[{"href":"https:\/\/europaeisches-institut.com\/en\/wp-json\/wp\/v2\/types\/page"}],"author":[{"embeddable":true,"href":"https:\/\/europaeisches-institut.com\/en\/wp-json\/wp\/v2\/users\/1"}],"replies":[{"embeddable":true,"href":"https:\/\/europaeisches-institut.com\/en\/wp-json\/wp\/v2\/comments?post=1092"}],"version-history":[{"count":11,"href":"https:\/\/europaeisches-institut.com\/en\/wp-json\/wp\/v2\/pages\/1092\/revisions"}],"predecessor-version":[{"id":1527,"href":"https:\/\/europaeisches-institut.com\/en\/wp-json\/wp\/v2\/pages\/1092\/revisions\/1527"}],"up":[{"embeddable":true,"href":"https:\/\/europaeisches-institut.com\/en\/wp-json\/wp\/v2\/pages\/454"}],"wp:attachment":[{"href":"https:\/\/europaeisches-institut.com\/en\/wp-json\/wp\/v2\/media?parent=1092"}],"curies":[{"name":"wp","href":"https:\/\/api.w.org\/{rel}","templated":true}]}}