{"id":225,"date":"2020-11-24T14:16:16","date_gmt":"2020-11-24T13:16:16","guid":{"rendered":"http:\/\/europaeisches-institut.com\/?page_id=225"},"modified":"2025-08-16T05:51:09","modified_gmt":"2025-08-16T03:51:09","slug":"institute-management","status":"publish","type":"page","link":"https:\/\/europaeisches-institut.com\/en\/institute-management\/","title":{"rendered":"Institute Management"},"content":{"rendered":"<p>[et_pb_section fb_built=&#8221;1&#8243; fullwidth=&#8221;on&#8221; _builder_version=&#8221;4.7.4&#8243; _module_preset=&#8221;default&#8221; background_image=&#8221;https:\/\/europaeisches-institut.com\/wp-content\/uploads\/2020\/12\/slider-gruenderversammlung.jpg&#8221; custom_padding=&#8221;150px||150px||false|false&#8221; custom_css_before=&#8221;content: %22\u00a9 Europ\u00e4isches Institut%22;&#8221; locked=&#8221;off&#8221;][\/et_pb_section][et_pb_section fb_built=&#8221;1&#8243; _builder_version=&#8221;4.7.1&#8243; _module_preset=&#8221;default&#8221; custom_margin=&#8221;||||false|false&#8221;][et_pb_row admin_label=&#8221;Row&#8221; _builder_version=&#8221;4.7.1&#8243; _module_preset=&#8221;default&#8221;][et_pb_column type=&#8221;4_4&#8243; _builder_version=&#8221;4.7.1&#8243; _module_preset=&#8221;default&#8221;][et_pb_text _builder_version=&#8221;4.7.4&#8243; _module_preset=&#8221;default&#8221; header_font=&#8221;Montserrat|||on|||||&#8221; header_text_align=&#8221;left&#8221; header_text_color=&#8221;#661b16&#8243; header_font_size=&#8221;40px&#8221; header_letter_spacing=&#8221;1px&#8221; header_2_font=&#8221;Freehand|||on|||||&#8221; header_2_text_color=&#8221;#661b16&#8243; header_2_font_size=&#8221;40px&#8221; header_2_letter_spacing=&#8221;1px&#8221; header_3_font=&#8221;Freehand||||||||&#8221; header_3_text_color=&#8221;#d3adaa&#8221; header_3_font_size=&#8221;30px&#8221; header_3_line_height=&#8221;1.5em&#8221; hover_enabled=&#8221;0&#8243; sticky_enabled=&#8221;0&#8243;]<\/p>\n<h1 style=\"text-align: center;\"><span id=\"dnn_ctr392_dnnTITLE_lblTitle\" class=\"title\">Board (Office in Heidelberg)<\/span><\/h1>\n<p style=\"text-align: center;\">\n[\/et_pb_text][\/et_pb_column][\/et_pb_row][\/et_pb_section][et_pb_section fb_built=&#8221;1&#8243; _builder_version=&#8221;4.7.4&#8243; _module_preset=&#8221;default&#8221; background_color=&#8221;#f9f9f9&#8243;][et_pb_row _builder_version=&#8221;4.7.4&#8243; _module_preset=&#8221;default&#8221;][et_pb_column type=&#8221;4_4&#8243; _builder_version=&#8221;3.25&#8243; custom_padding=&#8221;|||&#8221; custom_padding__hover=&#8221;|||&#8221;][et_pb_blurb image=&#8221;https:\/\/europaeisches-institut.com\/wp-content\/uploads\/2020\/12\/dr-andre-ritter.jpg&#8221; _builder_version=&#8221;4.7.4&#8243; _module_preset=&#8221;default&#8221; header_level=&#8221;h3&#8243; header_font=&#8221;||||||||&#8221; header_text_color=&#8221;#d3adaa&#8221; header_font_size=&#8221;30px&#8221; custom_css_before=&#8221;content: %22\u00a9 Europ\u00e4isches Institut%22;&#8221;]<\/p>\n<h4><strong>Dr. Andr\u00e9 Ritter<\/strong><\/h4>\n<p><span>Dr. theol., 1981-1988 studies of Protestant theology in Wuppertal, T\u00fcbingen, Bern and Zurich.\u00a0<\/span><span>1989-1966 appointed by the synod of the Protestant church district in Bonn for Christian-Muslim-Dialogue.\u00a0<\/span><span>After serving as a vicar he was appointed as programme director of the Evangelisch-Theologisches Studienhaus Adolf-Clarenbach 1991-1996, maintained by the Protestant church of Rhineland in Bonn.<\/span><\/p>\n<p>1997 doctorate at the Kirchliche Hochschule Wuppertal with a dissertation on the dialogue between Christians and Muslims, Co-founder of the academic series \u201cStudien zum interreligi\u00f6sen Dialog\u201d (ebv Hamburg \/ Waxmann-Verlag M\u00fcnster). Until 2012 pastor of the Protestant church in the Principality of Liechtenstein.<\/p>\n<p>2002-2010 lecturer for ecumenical theology at University of Lucerne. 2007 fellowship at Harvard Divinity School in Boston-Cambridge (USA). Since 2012 different lectures at the P\u00e4dagogische Hochschule of Heidelberg resp. at the P\u00e4dagogische Hochschule of Karlsruhe, 2017 at the Weltethos-Institute at the University of T\u00fcbingen and since 2018 at the University of Munich.<\/p>\n<p><span>After 20 years of managing our Institute\u00a0<\/span><a href=\"https:\/\/www.evtheol.lmu.de\/de\/die-fakultaet\/personen\/kontaktseite\/kontaktseite_3200.html\">Director Dr. Andr\u00e9 Ritter<\/a><span>\u00a0will retire on January 1, 2025. From now on he will be active as a consultant and lecturer in the field of intercultural and interreligious research. The gGmbH will be dissolved within a reasonable period of time, the office remains in Heidelberg.<\/span><\/p>\n<p><strong style=\"font-size: 21px;\"><\/strong><\/p>\n<p>[\/et_pb_blurb][\/et_pb_column][\/et_pb_row][\/et_pb_section]<\/p>\n","protected":false},"excerpt":{"rendered":"<p>[et_pb_section fb_built=&#8221;1&#8243; fullwidth=&#8221;on&#8221; _builder_version=&#8221;4.7.4&#8243; _module_preset=&#8221;default&#8221; background_image=&#8221;https:\/\/europaeisches-institut.com\/wp-content\/uploads\/2020\/12\/slider-gruenderversammlung.jpg&#8221; custom_padding=&#8221;150px||150px||false|false&#8221; custom_css_before=&#8221;content: %22\u00a9 Europ\u00e4isches Institut%22;&#8221; locked=&#8221;off&#8221;][\/et_pb_section][et_pb_section fb_built=&#8221;1&#8243; _builder_version=&#8221;4.7.1&#8243; _module_preset=&#8221;default&#8221; custom_margin=&#8221;||||false|false&#8221;][et_pb_row admin_label=&#8221;Row&#8221; _builder_version=&#8221;4.7.1&#8243; _module_preset=&#8221;default&#8221;][et_pb_column type=&#8221;4_4&#8243; _builder_version=&#8221;4.7.1&#8243; _module_preset=&#8221;default&#8221;][et_pb_text _builder_version=&#8221;4.7.4&#8243; _module_preset=&#8221;default&#8221; header_font=&#8221;Montserrat|||on|||||&#8221; header_text_align=&#8221;left&#8221; header_text_color=&#8221;#661b16&#8243; header_font_size=&#8221;40px&#8221; header_letter_spacing=&#8221;1px&#8221; header_2_font=&#8221;Freehand|||on|||||&#8221; header_2_text_color=&#8221;#661b16&#8243; header_2_font_size=&#8221;40px&#8221; header_2_letter_spacing=&#8221;1px&#8221; header_3_font=&#8221;Freehand||||||||&#8221; header_3_text_color=&#8221;#d3adaa&#8221; header_3_font_size=&#8221;30px&#8221; header_3_line_height=&#8221;1.5em&#8221; hover_enabled=&#8221;0&#8243; sticky_enabled=&#8221;0&#8243;] Board (Office in Heidelberg) [\/et_pb_text][\/et_pb_column][\/et_pb_row][\/et_pb_section][et_pb_section fb_built=&#8221;1&#8243; _builder_version=&#8221;4.7.4&#8243; _module_preset=&#8221;default&#8221; background_color=&#8221;#f9f9f9&#8243;][et_pb_row _builder_version=&#8221;4.7.4&#8243; _module_preset=&#8221;default&#8221;][et_pb_column type=&#8221;4_4&#8243; _builder_version=&#8221;3.25&#8243; custom_padding=&#8221;|||&#8221; custom_padding__hover=&#8221;|||&#8221;][et_pb_blurb image=&#8221;https:\/\/europaeisches-institut.com\/wp-content\/uploads\/2020\/12\/dr-andre-ritter.jpg&#8221; [&hellip;]<\/p>\n","protected":false},"author":1,"featured_media":0,"parent":0,"menu_order":2,"comment_status":"closed","ping_status":"closed","template":"","meta":{"_et_pb_use_builder":"on","_et_pb_old_content":"<p>[et_pb_section fb_built=\"1\" fullwidth=\"on\" _builder_version=\"4.7.1\" _module_preset=\"default\" background_image=\"http:\/\/europaeisches-institut.com\/wp-content\/uploads\/2020\/11\/kopfgrafiken-gruendungsversammlung.jpg\" custom_padding=\"150px||150px||false|false\"][\/et_pb_section][et_pb_section fb_built=\"1\" _builder_version=\"4.7.1\" _module_preset=\"default\" custom_margin=\"||||false|false\"][et_pb_row _builder_version=\"4.7.1\" _module_preset=\"default\"][et_pb_column type=\"4_4\" _builder_version=\"4.7.1\" _module_preset=\"default\"][et_pb_text _builder_version=\"4.7.1\" _module_preset=\"default\" header_font=\"Montserrat|||on|||||\" header_text_align=\"left\" header_text_color=\"#661b16\" header_font_size=\"40px\" header_letter_spacing=\"1px\" header_2_font=\"Freehand|||on|||||\" header_2_text_color=\"#661b16\" header_2_font_size=\"40px\" header_2_letter_spacing=\"1px\" header_3_font=\"Freehand||||||||\" header_3_text_color=\"#d3adaa\" header_3_font_size=\"30px\" header_3_line_height=\"1.5em\"]<\/p><h1 style=\"text-align: center;\">Unser Institutsvorstand<\/h1><p style=\"text-align: center;\">[\/et_pb_text][\/et_pb_column][\/et_pb_row][\/et_pb_section][et_pb_section fb_built=\"1\" _builder_version=\"4.7.1\" _module_preset=\"default\" background_color=\"#f9f9f9\"][et_pb_row column_structure=\"1_2,1_2\" _builder_version=\"4.7.1\" _module_preset=\"default\"][et_pb_column type=\"1_2\" _builder_version=\"4.7.1\" _module_preset=\"default\"][et_pb_blurb title=\"Direktor\" image=\"http:\/\/europaeisches-institut.com\/wp-content\/uploads\/2020\/11\/dr-andre-ritter.jpg\" _builder_version=\"4.7.1\" _module_preset=\"default\" header_level=\"h3\" header_font=\"||||||||\" header_text_color=\"#d3adaa\" header_font_size=\"30px\" hover_enabled=\"0\" title_text=\"dr-andre-ritter\" sticky_enabled=\"0\"]<\/p><h4><strong>Dr. Andr\u00e9 Ritter<\/strong><\/h4><p>Dr. theol., 1981-1988 Studium der Evangelischen Theologie in Wuppertal, T\u00fcbingen, Bern und Z\u00fcrich, 1989-1996 Synodalbeauftragter des Evangelischen Kirchenkreises Bonn f\u00fcr den christlich-islamischen Dialog, nach dem Vikariat 1991-1996 Studieninspektor des Evangelisch-Theologischen Studienhauses Adolf-Clarenbach der Rheinischen Landeskirche in Bonn.<\/p><p>1997 Promotion an der Kirchlichen Hochschule Wuppertal mit einer Dissertation \u00fcber den Dialog von Christen und Muslimen, Mitbegr\u00fcnder der wissenschaftlichen Reihe \"Studien zum interreligi\u00f6sen Dialog\" (ebv Hamburg \/ Waxmann-Verlag M\u00fcnster),\u00a0bis 2012\u00a0im Pfarramt der Evangelischen Kirche im F\u00fcrstentum Liechtenstein.<\/p><p>Seit 2002 Lehrbeauftragter f\u00fcr \u00d6kumenische Theologie an der Universit\u00e4t Luzern, 2007 Fellowship an der Harvard Divinity School in Boston-Cambridge (USA). Seit 2012 verschiedene Lehrauftr\u00e4ge an der PH Heidelberg bzw. PH Karlsruhe, 2017 Dozent am Weltethos-Institut an der Universit\u00e4t T\u00fcbingen sowie seit 2018 Lehrbeauftragter an der Universit\u00e4t M\u00fcnchen.<\/p><p>Er ist verheiratet mit Karin Ritter und Vater von zwei Kindern.<\/p><p>[\/et_pb_blurb][\/et_pb_column][et_pb_column type=\"1_2\" _builder_version=\"4.7.1\" _module_preset=\"default\"][et_pb_blurb title=\"Stellvertretender Direktor \" image=\"http:\/\/europaeisches-institut.com\/wp-content\/uploads\/2020\/11\/dr-werner-Hoebsch.jpg\" _builder_version=\"4.7.1\" _module_preset=\"default\" header_level=\"h3\" header_font=\"||||||||\" header_text_color=\"#d3adaa\" header_font_size=\"30px\" hover_enabled=\"0\" title_text=\"dr-werner-Hoebsch\" sticky_enabled=\"0\"]<\/p><h4><strong>Dr. Werner H\u00f6bsch<\/strong><\/h4><p>Dr. theol., geb. 1951, vorm. Leiter des Referates Dialog und Verk\u00fcndigung im Erzbistum K\u00f6ln. Seit 2019 Vorsitzender der Karl-Rahner-Akademie e.V. in K\u00f6ln.<\/p><p>Schwerpunkte der Arbeit: interreligi\u00f6ser Dialog mit Juden, Muslimen und Buddhisten, Fortbildungen in interreligi\u00f6ser und interkultureller Kompetenz, Theologie der Religionen, Promotion zum Thema: Katholische Kirche und Buddhismus in Deutschland.\u00a0<\/p><p>Ehrenamtliche Mitarbeit im Vorstand der Georges-Anawati-Stiftung (zur F\u00f6rderung des christlich-islamischen Dialogs).<\/p><p>Er ist verheiratet und Vater von drei Kindern.<\/p><p>[\/et_pb_blurb][\/et_pb_column][\/et_pb_row][\/et_pb_section][et_pb_section fb_built=\"1\" _builder_version=\"4.7.1\" _module_preset=\"default\"][et_pb_row column_structure=\"1_2,1_2\" _builder_version=\"4.7.1\" _module_preset=\"default\"][et_pb_column type=\"1_2\" _builder_version=\"4.7.1\" _module_preset=\"default\"][et_pb_blurb title=\"Schriftf\u00fchrer\" image=\"http:\/\/europaeisches-institut.com\/wp-content\/uploads\/2020\/11\/platzhalter.jpg\" _builder_version=\"4.7.1\" _module_preset=\"default\" header_level=\"h3\" header_font=\"||||||||\" header_text_color=\"#d3adaa\" header_font_size=\"30px\" hover_enabled=\"0\" title_text=\"platzhalter\" sticky_enabled=\"0\"]<\/p><h4><strong>Dr. Walter Fleischmann-Bisten<\/strong><\/h4><p>Dr. theol., M.A., geb. 1950, war bis Ende 2015 Direktor des Konfessionskundlichen Instituts des Evangelischen Bundes in Bensheim.<\/p><p>\u00a01969\u20131973 Studium der Evangelischen Theologie und Geschichte an den Universit\u00e4ten Erlangen-N\u00fcrnberg, Z\u00fcrich und M\u00fcnchen, 1973\u20131976 wissenschaftlicher Assistent an der Kirchlichen Hochschule Berlin-Zehlendorf, dann im pfarramtlichen Dienst in Berlin-Neuk\u00f6lln bis 1984. Promotion an der Universit\u00e4t Kiel (1987).<\/p><p>Von 1984\u20132006 Gesch\u00e4ftsf\u00fchrer des Konfessionskundlichen Instituts und zugleich Generalsekret\u00e4r des Evangelischen Bundes (bis 2015). Von 1997 an auch Freikirchenreferent und seit 2007 zugleich Direktor des Instituts.<\/p><p>Lehrauftr\u00e4ge an der Ev. Fachhochschule Darmstadt f\u00fcr Historische Theologie (1994\u20132000) und an der Augustana Hochschule Neuendettelsau f\u00fcr Kirchen- und Dogmengeschichte (mit Schwerpunkt Konfessionskunde) von 2009\u20132018.<\/p><p>Seit 1982 mit Renate Bisten verheiratet und Vater von drei erwachsenen Kindern.<\/p><p>[\/et_pb_blurb][\/et_pb_column][et_pb_column type=\"1_2\" _builder_version=\"4.7.1\" _module_preset=\"default\"][et_pb_blurb title=\"Schatzmeister\" image=\"http:\/\/europaeisches-institut.com\/wp-content\/uploads\/2020\/11\/platzhalter.jpg\" _builder_version=\"4.7.1\" _module_preset=\"default\" header_level=\"h3\" header_font=\"||||||||\" header_text_color=\"#d3adaa\" header_font_size=\"30px\" hover_enabled=\"0\" title_text=\"platzhalter\" sticky_enabled=\"0\"]<\/p><h4><strong>Dr. Hans Eggenberger <\/strong><\/h4><p>Dr. oec. HSG, 1974 Aufnahme des Studiums an der Hochschule St. Gallen, Richtung Treuhand und Revision. Abschluss als lic.oec. HSG und anschliessend berufsbegleitend Doktorandenstudium an der Hochschule St. Gallen und Besuch der Wirtschaftspr\u00fcferschule in Z\u00fcrich. 1982 Bestehen des Wirtschaftspr\u00fcferexamens (dipl. Wirtschaftspr\u00fcfer) und 1985 Abschluss des Doktorandenstudiums (Dr. oec. HSG).<\/p><p>1978 bis 1984 in Z\u00fcrich bei einer der grossen Wirtschaftspr\u00fcfungsgesellschaften t\u00e4tig.<\/p><p>1984 bis heute in Liechtenstein auf dem Treuhand- und Revisionssektor t\u00e4tig mit Verm\u00f6gensverwaltungsaktivit\u00e4ten.<\/p><p>Er ist verheiratet mit Monika Eggenberger und\u00a0Vater von zwei Kindern.\u00a0<\/p><p>\u00a0<\/p><p>[\/et_pb_blurb][\/et_pb_column][\/et_pb_row][\/et_pb_section]<\/p>","_et_gb_content_width":"","footnotes":""},"_links":{"self":[{"href":"https:\/\/europaeisches-institut.com\/en\/wp-json\/wp\/v2\/pages\/225"}],"collection":[{"href":"https:\/\/europaeisches-institut.com\/en\/wp-json\/wp\/v2\/pages"}],"about":[{"href":"https:\/\/europaeisches-institut.com\/en\/wp-json\/wp\/v2\/types\/page"}],"author":[{"embeddable":true,"href":"https:\/\/europaeisches-institut.com\/en\/wp-json\/wp\/v2\/users\/1"}],"replies":[{"embeddable":true,"href":"https:\/\/europaeisches-institut.com\/en\/wp-json\/wp\/v2\/comments?post=225"}],"version-history":[{"count":10,"href":"https:\/\/europaeisches-institut.com\/en\/wp-json\/wp\/v2\/pages\/225\/revisions"}],"predecessor-version":[{"id":2598,"href":"https:\/\/europaeisches-institut.com\/en\/wp-json\/wp\/v2\/pages\/225\/revisions\/2598"}],"wp:attachment":[{"href":"https:\/\/europaeisches-institut.com\/en\/wp-json\/wp\/v2\/media?parent=225"}],"curies":[{"name":"wp","href":"https:\/\/api.w.org\/{rel}","templated":true}]}}