{"id":445,"date":"2020-11-25T17:10:52","date_gmt":"2020-11-25T16:10:52","guid":{"rendered":"http:\/\/europaeisches-institut.com\/?page_id=445"},"modified":"2021-01-07T09:12:26","modified_gmt":"2021-01-07T08:12:26","slug":"objective","status":"publish","type":"page","link":"https:\/\/europaeisches-institut.com\/en\/institute-management\/objective\/","title":{"rendered":"Objective"},"content":{"rendered":"<p>[et_pb_section fb_built=&#8221;1&#8243; fullwidth=&#8221;on&#8221; _builder_version=&#8221;4.7.4&#8243; _module_preset=&#8221;default&#8221; background_image=&#8221;https:\/\/europaeisches-institut.com\/wp-content\/uploads\/2020\/12\/slider-gruenderversammlung.jpg&#8221; custom_padding=&#8221;150px||150px||false|false&#8221; custom_css_before=&#8221;content: %22\u00a9 Europ\u00e4isches Institut%22;&#8221; locked=&#8221;off&#8221;][\/et_pb_section][et_pb_section fb_built=&#8221;1&#8243; specialty=&#8221;on&#8221; _builder_version=&#8221;4.7.1&#8243; _module_preset=&#8221;default&#8221; locked=&#8221;off&#8221;][et_pb_column type=&#8221;1_2&#8243; specialty_columns=&#8221;2&#8243; _builder_version=&#8221;3.25&#8243; custom_padding=&#8221;|||&#8221; custom_padding__hover=&#8221;|||&#8221;][et_pb_row_inner _builder_version=&#8221;4.7.1&#8243; _module_preset=&#8221;default&#8221;][et_pb_column_inner saved_specialty_column_type=&#8221;1_2&#8243; _builder_version=&#8221;4.7.1&#8243; _module_preset=&#8221;default&#8221;][et_pb_text _builder_version=&#8221;4.7.4&#8243; _module_preset=&#8221;default&#8221; header_font=&#8221;Montserrat|||on|||||&#8221; header_text_align=&#8221;left&#8221; header_text_color=&#8221;#661b16&#8243; header_font_size=&#8221;40px&#8221; header_letter_spacing=&#8221;1px&#8221; header_2_font=&#8221;Montserrat|||on|||||&#8221; header_2_text_color=&#8221;#661b16&#8243; header_2_font_size=&#8221;40px&#8221; header_2_letter_spacing=&#8221;1px&#8221; header_3_font=&#8221;Montserrat||||||||&#8221; header_3_text_color=&#8221;#d3adaa&#8221; header_3_font_size=&#8221;30px&#8221; header_3_line_height=&#8221;1.5em&#8221;]<\/p>\n<h1>Objective<\/h1>\n<h3>of the European Institute of intercultural and interreligious Research<\/h3>\n<p>Founded in 2004 the institute\u2019s intention is academic research and teaching. Especially under the circumstances of European integration, we cover issues of intercultural and interreligious encounters and relationships.<\/p>\n<p style=\"font-weight: 400;\">The aim\u00a0of the association\u00a0is to prepare, conduct, evaluate or even convey\u00a0scientific research projects\u00a0and studies\u00a0as well as regular\u00a0professional conferences\u00a0and educational events. These relate particularly to the fields of culture and religious sciences, theology as well as philosophy and ethics.<\/p>\n<p>&nbsp;<\/p>\n<p><strong>If you have any questions, don&#8217;t hesitate to contact us.<\/strong><\/p>\n<p>[\/et_pb_text][\/et_pb_column_inner][\/et_pb_row_inner][\/et_pb_column][et_pb_column type=&#8221;1_2&#8243; _builder_version=&#8221;3.25&#8243; custom_padding=&#8221;|||&#8221; custom_padding__hover=&#8221;|||&#8221;][et_pb_image src=&#8221;https:\/\/europaeisches-institut.com\/wp-content\/uploads\/2020\/12\/Liechtensteiner-Tagung-2012-scaled.jpg&#8221; title_text=&#8221;Liechtensteiner Tagung 2012&#8243; admin_label=&#8221;Bild&#8221; _builder_version=&#8221;4.7.4&#8243; _module_preset=&#8221;default&#8221; custom_css_before=&#8221;content: %22\u00a9 Europ\u00e4isches Institut%22;&#8221;][\/et_pb_image][\/et_pb_column][\/et_pb_section]<\/p>\n","protected":false},"excerpt":{"rendered":"<p>Unser Institut bezweckt die wissenschaftliche Forschung und Lehre im Bereich der interkulturellen und interreligi\u00f6sen Begegnungen und Beziehungen, priorit\u00e4r im Rahmen der europ\u00e4ischen Integration.<\/p>\n<p>Ziel ist es, wissenschaftliche Forschungsprojekte und -studien sowie regelm\u00e4\u00dfige Fachkonferenzen und Bildungsveranstaltungen vorzubereiten, durchzuf\u00fchren, auszuwerten oder auch zu vermitteln, die sich insbesondere auf die Fachbereiche der Kultur- und Religionswissenschaft, Theologie sowie Philosophie und Ethik beziehen.<\/p>\n","protected":false},"author":1,"featured_media":641,"parent":225,"menu_order":1,"comment_status":"closed","ping_status":"closed","template":"","meta":{"_et_pb_use_builder":"on","_et_pb_old_content":"","_et_gb_content_width":"","footnotes":""},"_links":{"self":[{"href":"https:\/\/europaeisches-institut.com\/en\/wp-json\/wp\/v2\/pages\/445"}],"collection":[{"href":"https:\/\/europaeisches-institut.com\/en\/wp-json\/wp\/v2\/pages"}],"about":[{"href":"https:\/\/europaeisches-institut.com\/en\/wp-json\/wp\/v2\/types\/page"}],"author":[{"embeddable":true,"href":"https:\/\/europaeisches-institut.com\/en\/wp-json\/wp\/v2\/users\/1"}],"replies":[{"embeddable":true,"href":"https:\/\/europaeisches-institut.com\/en\/wp-json\/wp\/v2\/comments?post=445"}],"version-history":[{"count":10,"href":"https:\/\/europaeisches-institut.com\/en\/wp-json\/wp\/v2\/pages\/445\/revisions"}],"predecessor-version":[{"id":1519,"href":"https:\/\/europaeisches-institut.com\/en\/wp-json\/wp\/v2\/pages\/445\/revisions\/1519"}],"up":[{"embeddable":true,"href":"https:\/\/europaeisches-institut.com\/en\/wp-json\/wp\/v2\/pages\/225"}],"wp:featuredmedia":[{"embeddable":true,"href":"https:\/\/europaeisches-institut.com\/en\/wp-json\/wp\/v2\/media\/641"}],"wp:attachment":[{"href":"https:\/\/europaeisches-institut.com\/en\/wp-json\/wp\/v2\/media?parent=445"}],"curies":[{"name":"wp","href":"https:\/\/api.w.org\/{rel}","templated":true}]}}