{"id":471,"date":"2020-11-25T16:54:34","date_gmt":"2020-11-25T15:54:34","guid":{"rendered":"http:\/\/europaeisches-institut.com\/?page_id=471"},"modified":"2020-12-30T18:19:31","modified_gmt":"2020-12-30T17:19:31","slug":"reformation-und-islam","status":"publish","type":"page","link":"https:\/\/europaeisches-institut.com\/en\/projects-and-events\/project\/reformation-und-islam\/","title":{"rendered":"Reformation and Islam"},"content":{"rendered":"<p>[et_pb_section fb_built=&#8221;1&#8243; fullwidth=&#8221;on&#8221; _builder_version=&#8221;4.7.4&#8243; _module_preset=&#8221;default&#8221; background_image=&#8221;https:\/\/europaeisches-institut.com\/wp-content\/uploads\/2020\/12\/slider-gruenderversammlung.jpg&#8221; custom_padding=&#8221;150px||150px||false|false&#8221; custom_css_before=&#8221;content: %22\u00a9 Europ\u00e4isches Institut%22;&#8221;][\/et_pb_section][et_pb_section fb_built=&#8221;1&#8243; _builder_version=&#8221;4.7.1&#8243; _module_preset=&#8221;default&#8221; custom_margin=&#8221;||||false|false&#8221; custom_padding=&#8221;||14px|||&#8221;][et_pb_row _builder_version=&#8221;4.7.1&#8243; _module_preset=&#8221;default&#8221;][et_pb_column type=&#8221;4_4&#8243; _builder_version=&#8221;4.7.1&#8243; _module_preset=&#8221;default&#8221;][et_pb_text admin_label=&#8221;Text&#8221; _builder_version=&#8221;4.7.4&#8243; _module_preset=&#8221;default&#8221; header_font=&#8221;Montserrat|||on|||||&#8221; header_text_align=&#8221;left&#8221; header_text_color=&#8221;#661b16&#8243; header_font_size=&#8221;40px&#8221; header_letter_spacing=&#8221;1px&#8221; header_2_font=&#8221;Freehand|||on|||||&#8221; header_2_text_color=&#8221;#661b16&#8243; header_2_font_size=&#8221;40px&#8221; header_2_letter_spacing=&#8221;1px&#8221; header_3_font=&#8221;Freehand||||||||&#8221; header_3_text_color=&#8221;#d3adaa&#8221; header_3_font_size=&#8221;30px&#8221; header_3_line_height=&#8221;1.5em&#8221; inline_fonts=&#8221;Cabin&#8221;]<\/p>\n<h1 style=\"text-align: center;\"><span id=\"dnn_ctr397_dnnTITLE_lblTitle\" class=\"title\">Reformation and Islam<\/span><\/h1>\n<h3 style=\"text-align: center;\"><span id=\"dnn_ctr397_dnnTITLE_lblTitle\" class=\"title\" style=\"font-family: Cabin;\">A joint book project (2018\/19)<\/span><\/h3>\n<p>&nbsp;<\/p>\n<p><span style=\"font-family: inherit;\">The Stimulus Paper &#8220;Reformation and Islam\u201c\u00a0from the Conference for Islam Issues of the Evangelical Church in Germany (EKD) invites discussion and causes agreement as well as disagreement within and outside the church.\u00a0<\/span><\/p>\n<p><span style=\"font-size: 16px; font-family: inherit;\">Our new publication &#8220;Reformation und Islam. Ein Diskurs&#8221; (Evangelische Verlagsanstalt Leipzig 2019), edited by Dr. Werner H\u00f6bsch and Dr. Andr\u00e9 Ritter, illuminates some backgrounds of the stimulus paper and presents some new ideas of discussions and perspectives theoretically and practically.\u00a0<\/span><\/p>\n<p><span style=\"font-size: 16px; font-family: inherit;\">Prominent teachers and researchers e.g. of Church History, Fundamental or Practical Theology and Islamic Studies are collected in this book by deepening and continuing articles to give new insights concerning &#8220;Reformation and Islam\u201c in the perspective of protestant, catholic and islamic tradition and to reach all those who are engaged within the Christian-Muslim Dialogue and who are interested in the historical and theological heritage.<\/span><\/p>\n<p style=\"font-weight: 400;\">\n<p>[\/et_pb_text][\/et_pb_column][\/et_pb_row][\/et_pb_section][et_pb_section fb_built=&#8221;1&#8243; _builder_version=&#8221;4.7.4&#8243; _module_preset=&#8221;default&#8221; background_color=&#8221;#f9f9f9&#8243; min_height=&#8221;676.5px&#8221; custom_padding=&#8221;0px||56px|||&#8221;][et_pb_row column_structure=&#8221;3_4,1_4&#8243; _builder_version=&#8221;4.7.1&#8243; _module_preset=&#8221;default&#8221;][et_pb_column type=&#8221;3_4&#8243; _builder_version=&#8221;4.7.1&#8243; _module_preset=&#8221;default&#8221;][et_pb_text _builder_version=&#8221;4.7.4&#8243; _module_preset=&#8221;default&#8221; header_3_font=&#8221;||||||||&#8221; header_3_text_color=&#8221;#d3adaa&#8221;]<\/p>\n<p>&nbsp;<\/p>\n<p>&nbsp;<\/p>\n<p>&nbsp;<\/p>\n<p>&nbsp;<\/p>\n<p>&nbsp;<\/p>\n<p>&nbsp;<\/p>\n<p>&nbsp;<\/p>\n<p><span lang=\"FR-CH\">Authors: <\/span><\/p>\n<p><span lang=\"FR-CH\">Katajun Amirpur, Josef Freise, Detlef G\u00f6rrig, Werner H\u00f6bsch, Mouhanad Khorchide, Karl-Josef Kuschel, Athina Lexutt, Andreas M\u00fchling, Andreas Renz, Andr\u00e9 Ritter, Ertu\u011frul \u015eahin, Klaus von Stosch.<\/span><\/p>\n<p>[\/et_pb_text][\/et_pb_column][et_pb_column type=&#8221;1_4&#8243; _builder_version=&#8221;4.7.1&#8243; _module_preset=&#8221;default&#8221;][et_pb_image src=&#8221;https:\/\/europaeisches-institut.com\/wp-content\/uploads\/2020\/12\/eva_cover.jpg&#8221; title_text=&#8221;eva_cover&#8221; _builder_version=&#8221;4.7.4&#8243; _module_preset=&#8221;default&#8221;][\/et_pb_image][\/et_pb_column][\/et_pb_row][\/et_pb_section]<\/p>\n","protected":false},"excerpt":{"rendered":"<p>[et_pb_section fb_built=&#8221;1&#8243; fullwidth=&#8221;on&#8221; _builder_version=&#8221;4.7.4&#8243; _module_preset=&#8221;default&#8221; background_image=&#8221;https:\/\/europaeisches-institut.com\/wp-content\/uploads\/2020\/12\/slider-gruenderversammlung.jpg&#8221; custom_padding=&#8221;150px||150px||false|false&#8221; custom_css_before=&#8221;content: %22\u00a9 Europ\u00e4isches Institut%22;&#8221;][\/et_pb_section][et_pb_section fb_built=&#8221;1&#8243; _builder_version=&#8221;4.7.1&#8243; _module_preset=&#8221;default&#8221; custom_margin=&#8221;||||false|false&#8221; custom_padding=&#8221;||14px|||&#8221;][et_pb_row _builder_version=&#8221;4.7.1&#8243; _module_preset=&#8221;default&#8221;][et_pb_column type=&#8221;4_4&#8243; _builder_version=&#8221;4.7.1&#8243; _module_preset=&#8221;default&#8221;][et_pb_text admin_label=&#8221;Text&#8221; _builder_version=&#8221;4.7.4&#8243; _module_preset=&#8221;default&#8221; header_font=&#8221;Montserrat|||on|||||&#8221; header_text_align=&#8221;left&#8221; header_text_color=&#8221;#661b16&#8243; header_font_size=&#8221;40px&#8221; header_letter_spacing=&#8221;1px&#8221; header_2_font=&#8221;Freehand|||on|||||&#8221; header_2_text_color=&#8221;#661b16&#8243; header_2_font_size=&#8221;40px&#8221; header_2_letter_spacing=&#8221;1px&#8221; header_3_font=&#8221;Freehand||||||||&#8221; header_3_text_color=&#8221;#d3adaa&#8221; header_3_font_size=&#8221;30px&#8221; header_3_line_height=&#8221;1.5em&#8221; inline_fonts=&#8221;Cabin&#8221;] Reformation and Islam A joint book project (2018\/19) &nbsp; The Stimulus Paper &#8220;Reformation and Islam\u201c\u00a0from the Conference [&hellip;]<\/p>\n","protected":false},"author":1,"featured_media":0,"parent":454,"menu_order":8,"comment_status":"closed","ping_status":"closed","template":"","meta":{"_et_pb_use_builder":"on","_et_pb_old_content":"","_et_gb_content_width":"","footnotes":""},"_links":{"self":[{"href":"https:\/\/europaeisches-institut.com\/en\/wp-json\/wp\/v2\/pages\/471"}],"collection":[{"href":"https:\/\/europaeisches-institut.com\/en\/wp-json\/wp\/v2\/pages"}],"about":[{"href":"https:\/\/europaeisches-institut.com\/en\/wp-json\/wp\/v2\/types\/page"}],"author":[{"embeddable":true,"href":"https:\/\/europaeisches-institut.com\/en\/wp-json\/wp\/v2\/users\/1"}],"replies":[{"embeddable":true,"href":"https:\/\/europaeisches-institut.com\/en\/wp-json\/wp\/v2\/comments?post=471"}],"version-history":[{"count":9,"href":"https:\/\/europaeisches-institut.com\/en\/wp-json\/wp\/v2\/pages\/471\/revisions"}],"predecessor-version":[{"id":1501,"href":"https:\/\/europaeisches-institut.com\/en\/wp-json\/wp\/v2\/pages\/471\/revisions\/1501"}],"up":[{"embeddable":true,"href":"https:\/\/europaeisches-institut.com\/en\/wp-json\/wp\/v2\/pages\/454"}],"wp:attachment":[{"href":"https:\/\/europaeisches-institut.com\/en\/wp-json\/wp\/v2\/media?parent=471"}],"curies":[{"name":"wp","href":"https:\/\/api.w.org\/{rel}","templated":true}]}}