{"id":472,"date":"2020-11-25T16:53:41","date_gmt":"2020-11-25T15:53:41","guid":{"rendered":"http:\/\/europaeisches-institut.com\/?page_id=472"},"modified":"2020-12-30T18:05:16","modified_gmt":"2020-12-30T17:05:16","slug":"religion-public-sphere","status":"publish","type":"page","link":"https:\/\/europaeisches-institut.com\/en\/projects-and-events\/project\/religion-public-sphere\/","title":{"rendered":"Religion in the focus of Public Sphere"},"content":{"rendered":"<p>[et_pb_section fb_built=&#8221;1&#8243; fullwidth=&#8221;on&#8221; _builder_version=&#8221;4.7.4&#8243; _module_preset=&#8221;default&#8221; background_image=&#8221;https:\/\/europaeisches-institut.com\/wp-content\/uploads\/2020\/12\/slider-gruenderversammlung.jpg&#8221; custom_padding=&#8221;150px||150px||false|false&#8221; custom_css_before=&#8221;content: %22\u00a9 Europ\u00e4isches Institut%22;&#8221;][\/et_pb_section][et_pb_section fb_built=&#8221;1&#8243; _builder_version=&#8221;4.7.1&#8243; _module_preset=&#8221;default&#8221; custom_margin=&#8221;||||false|false&#8221;][et_pb_row _builder_version=&#8221;4.7.1&#8243; _module_preset=&#8221;default&#8221;][et_pb_column type=&#8221;4_4&#8243; _builder_version=&#8221;4.7.1&#8243; _module_preset=&#8221;default&#8221;][\/et_pb_column][\/et_pb_row][et_pb_row column_structure=&#8221;1_2,1_2&#8243; _builder_version=&#8221;4.7.1&#8243; _module_preset=&#8221;default&#8221;][et_pb_column type=&#8221;1_2&#8243; _builder_version=&#8221;4.7.1&#8243; _module_preset=&#8221;default&#8221;][et_pb_image src=&#8221;https:\/\/europaeisches-institut.com\/wp-content\/uploads\/2020\/12\/Studienreihe-Band-11.jpg&#8221; title_text=&#8221;Studienreihe Band 11&#8243; _builder_version=&#8221;4.7.4&#8243; _module_preset=&#8221;default&#8221;][\/et_pb_image][\/et_pb_column][et_pb_column type=&#8221;1_2&#8243; _builder_version=&#8221;4.7.1&#8243; _module_preset=&#8221;default&#8221;][et_pb_text _builder_version=&#8221;4.7.4&#8243; _module_preset=&#8221;default&#8221; header_font=&#8221;|||on|||||&#8221; header_text_color=&#8221;#661b16&#8243; header_font_size=&#8221;40px&#8221; header_3_text_color=&#8221;#d3adaa&#8221; header_3_font_size=&#8221;30px&#8221; hover_enabled=&#8221;0&#8243; text_font=&#8221;Montserrat||||||||&#8221; sticky_enabled=&#8221;0&#8243;]<\/p>\n<h1 style=\"text-align: center;\"><span id=\"dnn_ctr397_dnnTITLE_lblTitle\" class=\"title\">Religion in the Focus of Public Sphere<\/span><\/h1>\n<h3 style=\"text-align: center;\">Interdisciplinary conferences and lectures since 2011<\/h3>\n<p>&nbsp;<\/p>\n<p style=\"font-weight: 400;\">This pan-European project was initiated by our institute in 2010 and runs under our responsibility together with various cooperation partners since then. There has been a first international symposium at the University of Vienna in October, 2011.\u00a0The subject was \u201cZwischen Kruzifix und Minarett. Religion im Fokus der \u00d6ffentlichkeit\u201d.\u00a0All speeches of this symposium have already been published.\u00a0<\/p>\n<p style=\"font-weight: 400;\"><span lang=\"EN-US\" style=\"font-size: 16px;\"><\/span><\/p>\n<p style=\"font-weight: 400;\"><span lang=\"EN-US\" style=\"font-size: 16px;\">The second symposium of this series took place in Mai, 2014 at the Protestant Academy of Berlin. This time, the subject was mainly religion in schools. In the future a<\/span><span style=\"font-size: 16px;\">\u00a0third symposium is expected in Bucharest on the relationship between religion and a nation regarding the orthodox church, followed by another later in Ankara on the issue of secular societies in Islamic context.<\/span><\/p>\n<p>\u200b<\/p>\n<p>[\/et_pb_text][\/et_pb_column][\/et_pb_row][\/et_pb_section][et_pb_section fb_built=&#8221;1&#8243; _builder_version=&#8221;4.7.1&#8243; _module_preset=&#8221;default&#8221; background_color=&#8221;#f9f9f9&#8243;][et_pb_row column_structure=&#8221;3_4,1_4&#8243; _builder_version=&#8221;4.7.1&#8243; _module_preset=&#8221;default&#8221;][et_pb_column type=&#8221;3_4&#8243; _builder_version=&#8221;4.7.1&#8243; _module_preset=&#8221;default&#8221;][et_pb_text _builder_version=&#8221;4.7.4&#8243; _module_preset=&#8221;default&#8221;]<\/p>\n<p>In addition, several public events take place as part of our project, like the speech by the former Vice president of the Bundestag, Dr. h.c. Wolfgang Thierse, on \u201cReligion ist keine Privatsache\u201d in June 2013 in Vaduz. The same was with regard to an interdisciplinary conference in September 2015 on &#8220;Europ\u00e4ische Kulturk\u00e4mpfe und ihre gegenw\u00e4rtige Bedeutung&#8221; and the lecture by the former President of the Bundestag Prof. Dr. Norbert Lammert in Frankfurt a.M.<\/p>\n<p>Concerning our identical publication 2017 see below the announcement of the publishers:<\/p>\n<blockquote>\n<p>Kaum eine Woche vergeht, in der nicht \u00fcber einen neuen &#8220;Kulturkampf&#8221; oder Religionskrieg berichtet wird. Die mediale Pr\u00e4senz des Themas belegt, wie aktuell das Problem ist. Doch bereits im 19. und 20. Jahrhundert kam es in Europa zu &#8220;Kulturkampf&#8221; genannten Konflikten zwischen Staat und Kirche, die keineswegs auf Preu\u00dfen und die 1870er\/80er Jahre beschr\u00e4nkt waren. Sie begannen vielmehr im deutschen Vorm\u00e4rz und reichten in einigen europ\u00e4ischen L\u00e4ndern bis weit ins 20. Jahrhundert. Ob das &#8220;Zeitalter der europ\u00e4ischen Kulturk\u00e4mpfe&#8221; (Manuel Borutta) tats\u00e4chlich beendet ist, erscheint angesichts der j\u00fcngsten Weltanschauungskonflikte als eine offene Frage. Der Band untersucht die Auseinandersetzungen zwischen Staat und Religionsgemeinschaften w\u00e4hrend des 19. und 20. Jahrhunderts in Deutschland, Italien, Frankreich, den Niederlanden und der Schweiz.<\/p>\n<\/blockquote>\n<p>[\/et_pb_text][\/et_pb_column][et_pb_column type=&#8221;1_4&#8243; _builder_version=&#8221;4.7.1&#8243; _module_preset=&#8221;default&#8221;][et_pb_image src=&#8221;https:\/\/europaeisches-institut.com\/wp-content\/uploads\/2020\/12\/Cover.jpg&#8221; title_text=&#8221;Buchcover&#8221; _builder_version=&#8221;4.7.4&#8243; _module_preset=&#8221;default&#8221;][\/et_pb_image][\/et_pb_column][\/et_pb_row][\/et_pb_section]<\/p>\n","protected":false},"excerpt":{"rendered":"<p>[et_pb_section fb_built=&#8221;1&#8243; fullwidth=&#8221;on&#8221; _builder_version=&#8221;4.7.4&#8243; _module_preset=&#8221;default&#8221; background_image=&#8221;https:\/\/europaeisches-institut.com\/wp-content\/uploads\/2020\/12\/slider-gruenderversammlung.jpg&#8221; custom_padding=&#8221;150px||150px||false|false&#8221; custom_css_before=&#8221;content: %22\u00a9 Europ\u00e4isches Institut%22;&#8221;][\/et_pb_section][et_pb_section fb_built=&#8221;1&#8243; _builder_version=&#8221;4.7.1&#8243; _module_preset=&#8221;default&#8221; custom_margin=&#8221;||||false|false&#8221;][et_pb_row _builder_version=&#8221;4.7.1&#8243; _module_preset=&#8221;default&#8221;][et_pb_column type=&#8221;4_4&#8243; _builder_version=&#8221;4.7.1&#8243; _module_preset=&#8221;default&#8221;][\/et_pb_column][\/et_pb_row][et_pb_row column_structure=&#8221;1_2,1_2&#8243; _builder_version=&#8221;4.7.1&#8243; _module_preset=&#8221;default&#8221;][et_pb_column type=&#8221;1_2&#8243; _builder_version=&#8221;4.7.1&#8243; _module_preset=&#8221;default&#8221;][et_pb_image src=&#8221;https:\/\/europaeisches-institut.com\/wp-content\/uploads\/2020\/12\/Studienreihe-Band-11.jpg&#8221; title_text=&#8221;Studienreihe Band 11&#8243; _builder_version=&#8221;4.7.4&#8243; _module_preset=&#8221;default&#8221;][\/et_pb_image][\/et_pb_column][et_pb_column type=&#8221;1_2&#8243; _builder_version=&#8221;4.7.1&#8243; _module_preset=&#8221;default&#8221;][et_pb_text _builder_version=&#8221;4.7.4&#8243; _module_preset=&#8221;default&#8221; header_font=&#8221;|||on|||||&#8221; header_text_color=&#8221;#661b16&#8243; header_font_size=&#8221;40px&#8221; header_3_text_color=&#8221;#d3adaa&#8221; header_3_font_size=&#8221;30px&#8221; hover_enabled=&#8221;0&#8243; text_font=&#8221;Montserrat||||||||&#8221; sticky_enabled=&#8221;0&#8243;] Religion in the Focus of Public Sphere Interdisciplinary conferences and [&hellip;]<\/p>\n","protected":false},"author":1,"featured_media":0,"parent":454,"menu_order":4,"comment_status":"closed","ping_status":"closed","template":"","meta":{"_et_pb_use_builder":"on","_et_pb_old_content":"","_et_gb_content_width":"","footnotes":""},"_links":{"self":[{"href":"https:\/\/europaeisches-institut.com\/en\/wp-json\/wp\/v2\/pages\/472"}],"collection":[{"href":"https:\/\/europaeisches-institut.com\/en\/wp-json\/wp\/v2\/pages"}],"about":[{"href":"https:\/\/europaeisches-institut.com\/en\/wp-json\/wp\/v2\/types\/page"}],"author":[{"embeddable":true,"href":"https:\/\/europaeisches-institut.com\/en\/wp-json\/wp\/v2\/users\/1"}],"replies":[{"embeddable":true,"href":"https:\/\/europaeisches-institut.com\/en\/wp-json\/wp\/v2\/comments?post=472"}],"version-history":[{"count":9,"href":"https:\/\/europaeisches-institut.com\/en\/wp-json\/wp\/v2\/pages\/472\/revisions"}],"predecessor-version":[{"id":1488,"href":"https:\/\/europaeisches-institut.com\/en\/wp-json\/wp\/v2\/pages\/472\/revisions\/1488"}],"up":[{"embeddable":true,"href":"https:\/\/europaeisches-institut.com\/en\/wp-json\/wp\/v2\/pages\/454"}],"wp:attachment":[{"href":"https:\/\/europaeisches-institut.com\/en\/wp-json\/wp\/v2\/media?parent=472"}],"curies":[{"name":"wp","href":"https:\/\/api.w.org\/{rel}","templated":true}]}}