{"id":473,"date":"2020-11-25T16:54:06","date_gmt":"2020-11-25T15:54:06","guid":{"rendered":"http:\/\/europaeisches-institut.com\/?page_id=473"},"modified":"2021-01-07T09:13:44","modified_gmt":"2021-01-07T08:13:44","slug":"religioese-bildung","status":"publish","type":"page","link":"https:\/\/europaeisches-institut.com\/en\/projects-and-events\/project\/religioese-bildung\/","title":{"rendered":"Religious Education and intercultural Learning"},"content":{"rendered":"<p>[et_pb_section fb_built=&#8221;1&#8243; fullwidth=&#8221;on&#8221; _builder_version=&#8221;4.7.4&#8243; _module_preset=&#8221;default&#8221; background_image=&#8221;https:\/\/europaeisches-institut.com\/wp-content\/uploads\/2020\/12\/slider-gruenderversammlung.jpg&#8221; custom_padding=&#8221;150px||150px||false|false&#8221; custom_css_before=&#8221;content: %22\u00a9 Europ\u00e4isches Institut%22;&#8221;][\/et_pb_section][et_pb_section fb_built=&#8221;1&#8243; _builder_version=&#8221;4.7.1&#8243; _module_preset=&#8221;default&#8221; custom_margin=&#8221;||||false|false&#8221;][et_pb_row _builder_version=&#8221;4.7.1&#8243; _module_preset=&#8221;default&#8221;][et_pb_column type=&#8221;4_4&#8243; _builder_version=&#8221;4.7.1&#8243; _module_preset=&#8221;default&#8221;][et_pb_text admin_label=&#8221;Text&#8221; _builder_version=&#8221;4.7.4&#8243; _module_preset=&#8221;default&#8221; header_font=&#8221;Montserrat|||on|||||&#8221; header_text_align=&#8221;left&#8221; header_text_color=&#8221;#661b16&#8243; header_font_size=&#8221;40px&#8221; header_letter_spacing=&#8221;1px&#8221; header_2_font=&#8221;Freehand|||on|||||&#8221; header_2_text_color=&#8221;#661b16&#8243; header_2_font_size=&#8221;40px&#8221; header_2_letter_spacing=&#8221;1px&#8221; header_3_font=&#8221;Freehand||||||||&#8221; header_3_text_color=&#8221;#d3adaa&#8221; header_3_font_size=&#8221;30px&#8221; header_3_line_height=&#8221;1.5em&#8221; hover_enabled=&#8221;0&#8243; inline_fonts=&#8221;ABeeZee,Cabin&#8221; sticky_enabled=&#8221;0&#8243;]<\/p>\n<h1 style=\"text-align: center;\"><span id=\"dnn_ctr397_dnnTITLE_lblTitle\" class=\"title\">Religious Education and intercultural Learning<\/span><\/h1>\n<h3 style=\"text-align: center;\"><span id=\"dnn_ctr397_dnnTITLE_lblTitle\" class=\"title\" style=\"font-family: Cabin; font-weight: normal;\">Successful ErasmusPlusProject (2014-2017)<\/span><\/h3>\n<p>&nbsp;<\/p>\n<p>In the current discussion on education the the awareness of the fact that we are living in a \u201crisk society\u201d is increased. In this society, people find themselves questioned \u2013 in various working processes as well as other situations in life.<\/p>\n<p>Especially in a society that is influenced by its pluralism and secularism, a common answer to the debate on questions and topics of religious education will become more and more urgent in order to emphasize the individuality and sociality of the human race appropriately.<\/p>\n<p>With regard to the ongoing debate on religion and education\u00a0 there are the fundamental concerns of schools and high schools on the one hand as well as the focus on intercultural learning within the encounter of people with different confessions and religions in plurastic society on the other hand.<\/p>\n<p>[\/et_pb_text][\/et_pb_column][\/et_pb_row][\/et_pb_section][et_pb_section fb_built=&#8221;1&#8243; _builder_version=&#8221;4.7.1&#8243; _module_preset=&#8221;default&#8221; background_color=&#8221;#f9f9f9&#8243;][et_pb_row column_structure=&#8221;3_4,1_4&#8243; _builder_version=&#8221;4.7.1&#8243; _module_preset=&#8221;default&#8221;][et_pb_column type=&#8221;3_4&#8243; _builder_version=&#8221;4.7.1&#8243; _module_preset=&#8221;default&#8221;][et_pb_text _builder_version=&#8221;4.7.4&#8243; _module_preset=&#8221;default&#8221; header_3_font=&#8221;||||||||&#8221; header_3_text_color=&#8221;#d3adaa&#8221;]<\/p>\n<p>\u201eReligi\u00f6se Bildung und interkulturelles Lernen\u201c \u2013 so the title and the programme of the ErasmusPlusProject in German language, which the European Institute of intercultural and Interreligious Research had organized together with some elected project partners and which results had been in 2017:<\/p>\n<blockquote>\n<p>Die strategische Lernpartnerschaft von verschiedenen Institutionen und Personen in Deutschland, Liechtenstein und in der T\u00fcrkei sollte und wollte in exemplarischer Weise dokumentieren, dass das gemeinsame Bem\u00fchen um l\u00e4nder\u00fcberschreitende sowie religions\u00fcbergreifende Begegnung und Verst\u00e4ndigung in Europa auch und gerade am Ort von Schule und Hochschule von elementarer Bedeutung ist.<\/p>\n<\/blockquote>\n<p>In 2020 our successful project has received the &#8220;Erasmus+Award (2014-2020)&#8221; in Liechtenstein as the winner in the category of adult education.<\/p>\n<p>[\/et_pb_text][\/et_pb_column][et_pb_column type=&#8221;1_4&#8243; _builder_version=&#8221;4.7.1&#8243; _module_preset=&#8221;default&#8221;][et_pb_image src=&#8221;https:\/\/europaeisches-institut.com\/wp-content\/uploads\/2020\/12\/Religioese-Bildung.jpg&#8221; title_text=&#8221;Religi\u00f6se Bildung&#8221; _builder_version=&#8221;4.7.4&#8243; _module_preset=&#8221;default&#8221;][\/et_pb_image][\/et_pb_column][\/et_pb_row][\/et_pb_section]<\/p>\n","protected":false},"excerpt":{"rendered":"<p>[et_pb_section fb_built=&#8221;1&#8243; fullwidth=&#8221;on&#8221; _builder_version=&#8221;4.7.4&#8243; _module_preset=&#8221;default&#8221; background_image=&#8221;https:\/\/europaeisches-institut.com\/wp-content\/uploads\/2020\/12\/slider-gruenderversammlung.jpg&#8221; custom_padding=&#8221;150px||150px||false|false&#8221; custom_css_before=&#8221;content: %22\u00a9 Europ\u00e4isches Institut%22;&#8221;][\/et_pb_section][et_pb_section fb_built=&#8221;1&#8243; _builder_version=&#8221;4.7.1&#8243; _module_preset=&#8221;default&#8221; custom_margin=&#8221;||||false|false&#8221;][et_pb_row _builder_version=&#8221;4.7.1&#8243; _module_preset=&#8221;default&#8221;][et_pb_column type=&#8221;4_4&#8243; _builder_version=&#8221;4.7.1&#8243; _module_preset=&#8221;default&#8221;][et_pb_text admin_label=&#8221;Text&#8221; _builder_version=&#8221;4.7.4&#8243; _module_preset=&#8221;default&#8221; header_font=&#8221;Montserrat|||on|||||&#8221; header_text_align=&#8221;left&#8221; header_text_color=&#8221;#661b16&#8243; header_font_size=&#8221;40px&#8221; header_letter_spacing=&#8221;1px&#8221; header_2_font=&#8221;Freehand|||on|||||&#8221; header_2_text_color=&#8221;#661b16&#8243; header_2_font_size=&#8221;40px&#8221; header_2_letter_spacing=&#8221;1px&#8221; header_3_font=&#8221;Freehand||||||||&#8221; header_3_text_color=&#8221;#d3adaa&#8221; header_3_font_size=&#8221;30px&#8221; header_3_line_height=&#8221;1.5em&#8221; hover_enabled=&#8221;0&#8243; inline_fonts=&#8221;ABeeZee,Cabin&#8221; sticky_enabled=&#8221;0&#8243;] Religious Education and intercultural Learning Successful ErasmusPlusProject (2014-2017) &nbsp; In the current discussion on education the [&hellip;]<\/p>\n","protected":false},"author":1,"featured_media":0,"parent":454,"menu_order":6,"comment_status":"closed","ping_status":"closed","template":"","meta":{"_et_pb_use_builder":"on","_et_pb_old_content":"","_et_gb_content_width":"","footnotes":""},"_links":{"self":[{"href":"https:\/\/europaeisches-institut.com\/en\/wp-json\/wp\/v2\/pages\/473"}],"collection":[{"href":"https:\/\/europaeisches-institut.com\/en\/wp-json\/wp\/v2\/pages"}],"about":[{"href":"https:\/\/europaeisches-institut.com\/en\/wp-json\/wp\/v2\/types\/page"}],"author":[{"embeddable":true,"href":"https:\/\/europaeisches-institut.com\/en\/wp-json\/wp\/v2\/users\/1"}],"replies":[{"embeddable":true,"href":"https:\/\/europaeisches-institut.com\/en\/wp-json\/wp\/v2\/comments?post=473"}],"version-history":[{"count":10,"href":"https:\/\/europaeisches-institut.com\/en\/wp-json\/wp\/v2\/pages\/473\/revisions"}],"predecessor-version":[{"id":1521,"href":"https:\/\/europaeisches-institut.com\/en\/wp-json\/wp\/v2\/pages\/473\/revisions\/1521"}],"up":[{"embeddable":true,"href":"https:\/\/europaeisches-institut.com\/en\/wp-json\/wp\/v2\/pages\/454"}],"wp:attachment":[{"href":"https:\/\/europaeisches-institut.com\/en\/wp-json\/wp\/v2\/media?parent=473"}],"curies":[{"name":"wp","href":"https:\/\/api.w.org\/{rel}","templated":true}]}}