{"id":483,"date":"2020-11-25T16:52:33","date_gmt":"2020-11-25T15:52:33","guid":{"rendered":"http:\/\/europaeisches-institut.com\/?page_id=483"},"modified":"2025-08-16T00:14:42","modified_gmt":"2025-08-15T22:14:42","slug":"events","status":"publish","type":"page","link":"https:\/\/europaeisches-institut.com\/en\/projects-and-events\/events\/","title":{"rendered":"Regarding our Institute"},"content":{"rendered":"<p>[et_pb_section fb_built=&#8221;1&#8243; fullwidth=&#8221;on&#8221; _builder_version=&#8221;4.7.4&#8243; _module_preset=&#8221;default&#8221; background_image=&#8221;https:\/\/europaeisches-institut.com\/wp-content\/uploads\/2020\/12\/slider-ankara.jpg&#8221; custom_padding=&#8221;150px||150px||false|false&#8221; custom_css_before=&#8221;content: %22\u00a9 Europ\u00e4isches Institut%22;&#8221; locked=&#8221;off&#8221;][\/et_pb_section][et_pb_section fb_built=&#8221;1&#8243; _builder_version=&#8221;4.7.1&#8243; _module_preset=&#8221;default&#8221; custom_margin=&#8221;||||false|false&#8221;][et_pb_row _builder_version=&#8221;4.7.1&#8243; _module_preset=&#8221;default&#8221;][et_pb_column type=&#8221;4_4&#8243; _builder_version=&#8221;4.7.1&#8243; _module_preset=&#8221;default&#8221;][et_pb_text _builder_version=&#8221;4.7.4&#8243; _module_preset=&#8221;default&#8221; header_font=&#8221;Montserrat|||on|||||&#8221; header_text_align=&#8221;left&#8221; header_text_color=&#8221;#661b16&#8243; header_font_size=&#8221;40px&#8221; header_letter_spacing=&#8221;1px&#8221; header_2_font=&#8221;Freehand|||on|||||&#8221; header_2_text_color=&#8221;#661b16&#8243; header_2_font_size=&#8221;40px&#8221; header_2_letter_spacing=&#8221;1px&#8221; header_3_font=&#8221;Freehand||||||||&#8221; header_3_text_color=&#8221;#d3adaa&#8221; header_3_font_size=&#8221;30px&#8221; header_3_line_height=&#8221;1.5em&#8221;]<\/p>\n<h1 style=\"text-align: center;\">Regarding Our Institute<\/h1>\n<p>[\/et_pb_text][\/et_pb_column][\/et_pb_row][\/et_pb_section][et_pb_section fb_built=&#8221;1&#8243; _builder_version=&#8221;4.7.1&#8243; _module_preset=&#8221;default&#8221; background_color=&#8221;#f9f9f9&#8243;][et_pb_row column_structure=&#8221;1_2,1_2&#8243; _builder_version=&#8221;4.7.4&#8243; _module_preset=&#8221;default&#8221; width=&#8221;66.2%&#8221; custom_padding=&#8221;|0px||||&#8221;][et_pb_column type=&#8221;1_2&#8243; _builder_version=&#8221;3.25&#8243; custom_padding=&#8221;|||&#8221; custom_padding__hover=&#8221;|||&#8221;][et_pb_text _builder_version=&#8221;4.7.4&#8243;]<\/p>\n<p><strong>Preview:<\/strong><\/p>\n<p>[\/et_pb_text][et_pb_image src=&#8221;https:\/\/europaeisches-institut.com\/wp-content\/uploads\/2020\/12\/Vaduzer-Gruendungsversammlung-2004.jpg&#8221; _builder_version=&#8221;4.7.4&#8243; vertical_offset_tablet=&#8221;0&#8243; horizontal_offset_tablet=&#8221;0&#8243; z_index_tablet=&#8221;0&#8243; box_shadow_horizontal_tablet=&#8221;0px&#8221; box_shadow_vertical_tablet=&#8221;0px&#8221; box_shadow_blur_tablet=&#8221;40px&#8221; box_shadow_spread_tablet=&#8221;0px&#8221;][\/et_pb_image][et_pb_text _builder_version=&#8221;4.7.4&#8243;]<\/p>\n<p>Foundation in Vaduz 2004 (with visit and lecture &#8220;Die Erweiterung der EU &#8211; frischer Wind in einer starken Gemeinschaft&#8221; by G\u00fcnter Verheugen, EU-Commission Brussels)<\/p>\n<p>&nbsp;<\/p>\n<p>&nbsp;<\/p>\n<p>[\/et_pb_text][\/et_pb_column][et_pb_column type=&#8221;1_2&#8243; _builder_version=&#8221;3.25&#8243; custom_padding=&#8221;|||&#8221; custom_padding__hover=&#8221;|||&#8221;][et_pb_text _builder_version=&#8221;4.7.4&#8243; _module_preset=&#8221;default&#8221; header_3_font=&#8221;||||||||&#8221; header_3_text_color=&#8221;#d3adaa&#8221; width=&#8221;95.5%&#8221; custom_margin=&#8221;|||7px||&#8221; custom_padding=&#8221;|20px||||&#8221;]<\/p>\n<p><span style=\"color: #560000; font-size: 16px;\"><strong>20th anniversary of our Institute (2004-2024)<\/strong><\/span><strong><\/strong><\/p>\n<p><span style=\"font-size: 16px;\"><\/span><\/p>\n<p><span style=\"font-size: 16px;\">In 2024 our Institute was celebrating its 20th anniversary &#8211; once again cause for gratitude and joy.<\/span><\/p>\n<blockquote>\n<p>Hat sich in den zur\u00fcckliegenden Jahren doch die Idee zur Gr\u00fcndung unseres Instituts als eines Netzwerks in Europa entwickelt und auch bew\u00e4hrt. Und haben wir im Laufe dieser Jahre doch immer wieder Institutionen und Personen finden d\u00fcrfen, die mit uns unterwegs waren und sind, um interkulturelle Begegnungen und interreligi\u00f6se Beziehungen nicht nur vor Ort zu in den Blick zu nehmen, sondern auch europaweit Br\u00fccken zu bauen und Verbindungen zu schaffen. Nicht ein Institut neben anderen gleicher Art, sondern in der Tat ein innovatives Netzwerk\u2026<\/p>\n<p>Darauf sind wir r\u00fcckblickend nicht nur gemeinsam stolz, sondern daf\u00fcr haben wir allen Weggef\u00e4hrten einmal mehr ausdr\u00fccklich zu danken. Ehrenamtliches und nebenamtliches Engagement, private und \u00f6ffentliche Unterst\u00fctzung, schliesslich auch europ\u00e4ische F\u00f6rdermittel haben es m\u00f6glich gemacht, dass wir unsere Projektziele erreichen und neue Projektvorhaben auf den Weg bringen k\u00f6nnen. Das war zum Zeitpunkt der Institutsgr\u00fcndung noch l\u00e4ngst nicht absehbar und ist in diesen turbulenten Zeiten knapper werdender Ressourcen auch keineswegs selbstverst\u00e4ndlich.\u00a0\u00a0<\/p>\n<p>&nbsp;<\/p>\n<p><span><\/span><\/p>\n<p><span><\/span><\/p>\n<p><span>(Director Dr. Andr\u00e9 Ritter, 10th anniversary 2014)<\/span><\/p>\n<\/blockquote>\n<p>A small commemorative publication for the anniversary of our Institute is available from our office.<\/p>\n<p>&nbsp;<\/p>\n<p><span style=\"color: #560000;\"><b>On this occasion&#8230;<\/b><\/span><\/p>\n<blockquote>\n<p><span>After 20 years of managing our Institute <a href=\"https:\/\/www.evtheol.lmu.de\/de\/die-fakultaet\/personen\/kontaktseite\/kontaktseite_3200.html\">Director Dr. Andr\u00e9 Ritter<\/a> will retire on January 1, 2025. The gGmbH will be dissolved within a reasonable period of time, the office remains in Heidelberg.<\/span><\/p>\n<\/blockquote>\n<p><span><\/span><\/p>\n<p>[\/et_pb_text][\/et_pb_column][\/et_pb_row][et_pb_row _builder_version=&#8221;3.25&#8243; background_size=&#8221;initial&#8221; background_position=&#8221;top_left&#8221; background_repeat=&#8221;repeat&#8221; min_height=&#8221;102.5px&#8221;][\/et_pb_row][\/et_pb_section]<\/p>\n","protected":false},"excerpt":{"rendered":"<p>[et_pb_section fb_built=&#8221;1&#8243; fullwidth=&#8221;on&#8221; _builder_version=&#8221;4.7.4&#8243; _module_preset=&#8221;default&#8221; background_image=&#8221;https:\/\/europaeisches-institut.com\/wp-content\/uploads\/2020\/12\/slider-ankara.jpg&#8221; custom_padding=&#8221;150px||150px||false|false&#8221; custom_css_before=&#8221;content: %22\u00a9 Europ\u00e4isches Institut%22;&#8221; locked=&#8221;off&#8221;][\/et_pb_section][et_pb_section fb_built=&#8221;1&#8243; _builder_version=&#8221;4.7.1&#8243; _module_preset=&#8221;default&#8221; custom_margin=&#8221;||||false|false&#8221;][et_pb_row _builder_version=&#8221;4.7.1&#8243; _module_preset=&#8221;default&#8221;][et_pb_column type=&#8221;4_4&#8243; _builder_version=&#8221;4.7.1&#8243; _module_preset=&#8221;default&#8221;][et_pb_text _builder_version=&#8221;4.7.4&#8243; _module_preset=&#8221;default&#8221; header_font=&#8221;Montserrat|||on|||||&#8221; header_text_align=&#8221;left&#8221; header_text_color=&#8221;#661b16&#8243; header_font_size=&#8221;40px&#8221; header_letter_spacing=&#8221;1px&#8221; header_2_font=&#8221;Freehand|||on|||||&#8221; header_2_text_color=&#8221;#661b16&#8243; header_2_font_size=&#8221;40px&#8221; header_2_letter_spacing=&#8221;1px&#8221; header_3_font=&#8221;Freehand||||||||&#8221; header_3_text_color=&#8221;#d3adaa&#8221; header_3_font_size=&#8221;30px&#8221; header_3_line_height=&#8221;1.5em&#8221;] Regarding Our Institute [\/et_pb_text][\/et_pb_column][\/et_pb_row][\/et_pb_section][et_pb_section fb_built=&#8221;1&#8243; _builder_version=&#8221;4.7.1&#8243; _module_preset=&#8221;default&#8221; background_color=&#8221;#f9f9f9&#8243;][et_pb_row column_structure=&#8221;1_2,1_2&#8243; _builder_version=&#8221;4.7.4&#8243; _module_preset=&#8221;default&#8221; width=&#8221;66.2%&#8221; custom_padding=&#8221;|0px||||&#8221;][et_pb_column type=&#8221;1_2&#8243; _builder_version=&#8221;3.25&#8243; custom_padding=&#8221;|||&#8221; custom_padding__hover=&#8221;|||&#8221;][et_pb_text _builder_version=&#8221;4.7.4&#8243;] Preview: [&hellip;]<\/p>\n","protected":false},"author":1,"featured_media":0,"parent":246,"menu_order":2,"comment_status":"closed","ping_status":"closed","template":"","meta":{"_et_pb_use_builder":"on","_et_pb_old_content":"","_et_gb_content_width":"","footnotes":""},"_links":{"self":[{"href":"https:\/\/europaeisches-institut.com\/en\/wp-json\/wp\/v2\/pages\/483"}],"collection":[{"href":"https:\/\/europaeisches-institut.com\/en\/wp-json\/wp\/v2\/pages"}],"about":[{"href":"https:\/\/europaeisches-institut.com\/en\/wp-json\/wp\/v2\/types\/page"}],"author":[{"embeddable":true,"href":"https:\/\/europaeisches-institut.com\/en\/wp-json\/wp\/v2\/users\/1"}],"replies":[{"embeddable":true,"href":"https:\/\/europaeisches-institut.com\/en\/wp-json\/wp\/v2\/comments?post=483"}],"version-history":[{"count":10,"href":"https:\/\/europaeisches-institut.com\/en\/wp-json\/wp\/v2\/pages\/483\/revisions"}],"predecessor-version":[{"id":2594,"href":"https:\/\/europaeisches-institut.com\/en\/wp-json\/wp\/v2\/pages\/483\/revisions\/2594"}],"up":[{"embeddable":true,"href":"https:\/\/europaeisches-institut.com\/en\/wp-json\/wp\/v2\/pages\/246"}],"wp:attachment":[{"href":"https:\/\/europaeisches-institut.com\/en\/wp-json\/wp\/v2\/media?parent=483"}],"curies":[{"name":"wp","href":"https:\/\/api.w.org\/{rel}","templated":true}]}}