{"id":484,"date":"2020-11-25T17:08:12","date_gmt":"2020-11-25T16:08:12","guid":{"rendered":"http:\/\/europaeisches-institut.com\/?page_id=484"},"modified":"2024-07-25T22:30:54","modified_gmt":"2024-07-25T20:30:54","slug":"publikationen","status":"publish","type":"page","link":"https:\/\/europaeisches-institut.com\/en\/publikationen\/","title":{"rendered":"Publications"},"content":{"rendered":"<p>[et_pb_section fb_built=&#8221;1&#8243; fullwidth=&#8221;on&#8221; _builder_version=&#8221;4.7.1&#8243; _module_preset=&#8221;default&#8221;][et_pb_fullwidth_slider module_class=&#8221;copyright&#8221; _builder_version=&#8221;4.7.4&#8243; _module_preset=&#8221;default&#8221;][\/et_pb_fullwidth_slider][et_pb_fullwidth_slider _builder_version=&#8221;4.7.4&#8243; _module_preset=&#8221;default&#8221;][et_pb_slide _builder_version=&#8221;4.7.4&#8243; _module_preset=&#8221;default&#8221; background_enable_color=&#8221;off&#8221; background_image=&#8221;https:\/\/europaeisches-institut.com\/wp-content\/uploads\/2020\/12\/slider-gruenderversammlung.jpg&#8221; background_enable_image=&#8221;on&#8221; custom_css_before=&#8221;content: %22\u00a9 Europ\u00e4isches Institut%22;&#8221; sticky_transition=&#8221;on&#8221;][\/et_pb_slide][et_pb_slide _builder_version=&#8221;4.7.4&#8243; _module_preset=&#8221;default&#8221; background_enable_color=&#8221;off&#8221; background_image=&#8221;https:\/\/europaeisches-institut.com\/wp-content\/uploads\/2020\/12\/slider-lichtenstein.jpg&#8221; background_enable_image=&#8221;on&#8221; custom_css_before=&#8221;content: %22\u00a9 Europ\u00e4isches Institut%22;&#8221; sticky_transition=&#8221;on&#8221;][\/et_pb_slide][et_pb_slide _builder_version=&#8221;4.7.4&#8243; _module_preset=&#8221;default&#8221; background_enable_color=&#8221;off&#8221; background_image=&#8221;https:\/\/europaeisches-institut.com\/wp-content\/uploads\/2020\/12\/slider-fachtagung.jpg&#8221; background_enable_image=&#8221;on&#8221; custom_css_before=&#8221;content: %22\u00a9 Europ\u00e4isches Institut%22;&#8221; sticky_transition=&#8221;on&#8221;][\/et_pb_slide][et_pb_slide _builder_version=&#8221;4.7.4&#8243; _module_preset=&#8221;default&#8221; background_enable_color=&#8221;off&#8221; background_image=&#8221;https:\/\/europaeisches-institut.com\/wp-content\/uploads\/2020\/12\/slider-ankara.jpg&#8221; background_enable_image=&#8221;on&#8221; custom_css_before=&#8221;content: %22\u00a9 Europ\u00e4isches Institut%22;&#8221; sticky_transition=&#8221;on&#8221;][\/et_pb_slide][\/et_pb_fullwidth_slider][\/et_pb_section][et_pb_section fb_built=&#8221;1&#8243; specialty=&#8221;on&#8221; _builder_version=&#8221;4.7.1&#8243; _module_preset=&#8221;default&#8221;][et_pb_column type=&#8221;1_2&#8243; specialty_columns=&#8221;2&#8243; _builder_version=&#8221;3.25&#8243; custom_padding=&#8221;|||&#8221; custom_padding__hover=&#8221;|||&#8221;][et_pb_row_inner _builder_version=&#8221;4.7.1&#8243; _module_preset=&#8221;default&#8221;][et_pb_column_inner saved_specialty_column_type=&#8221;1_2&#8243; _builder_version=&#8221;4.7.1&#8243; _module_preset=&#8221;default&#8221;][et_pb_text admin_label=&#8221;Text&#8221; _builder_version=&#8221;4.7.4&#8243; _module_preset=&#8221;default&#8221; header_font=&#8221;Montserrat|||on|||||&#8221; header_text_align=&#8221;left&#8221; header_text_color=&#8221;#661b16&#8243; header_font_size=&#8221;40px&#8221; header_letter_spacing=&#8221;1px&#8221; header_2_font=&#8221;Montserrat|||on|||||&#8221; header_2_text_color=&#8221;#661b16&#8243; header_2_font_size=&#8221;40px&#8221; header_2_letter_spacing=&#8221;1px&#8221; header_3_font=&#8221;Montserrat||||||||&#8221; header_3_text_color=&#8221;#d3adaa&#8221; header_3_font_size=&#8221;30px&#8221; header_3_line_height=&#8221;1.5em&#8221;]<\/p>\n<h1>Encounter and Understanding<\/h1>\n<h3>Our publication on the occasion of the Institute&#8217;s anniversary in 2019<\/h3>\n<p>&nbsp;<\/p>\n<p><span style=\"font-family: inherit;\">Celebrating 15 years since the establishment of our institute in October 2004 is reason enough to gratefully document the experiences and insights of our shared journey with various projects and publications and to critically reflect on what we have achieved so far.<\/span><\/p>\n<p><span style=\"font-family: inherit;\">It is no coincidence that we repeatedly raise fundamental hermeneutical questions regarding interreligious dialogue in our teaching and research as encounter and mutual understanding in different places in Europe. This publication is intended to give an account thereof. <\/span><\/p>\n<p><span style=\"font-family: inherit;\">We invite everyone to join us in our community of pathways and learning to talk with us about what is familiar in the foreign and what is foreign in the familiar \u2013 regardless of origin, culture, and religion.<\/span><\/p>\n<p>&nbsp;<\/p>\n<p>&nbsp;<\/p>\n<p>[\/et_pb_text][\/et_pb_column_inner][\/et_pb_row_inner][\/et_pb_column][et_pb_column type=&#8221;1_2&#8243; _builder_version=&#8221;3.25&#8243; custom_padding=&#8221;|||&#8221; custom_padding__hover=&#8221;|||&#8221;][et_pb_image src=&#8221;https:\/\/europaeisches-institut.com\/wp-content\/uploads\/2020\/12\/Aktuelle-Publikation.jpg&#8221; title_text=&#8221;Aktuelle Publikation&#8221; _builder_version=&#8221;4.7.4&#8243; _module_preset=&#8221;default&#8221;][\/et_pb_image][\/et_pb_column][\/et_pb_section][et_pb_section fb_built=&#8221;1&#8243; fullwidth=&#8221;on&#8221; _builder_version=&#8221;4.7.4&#8243; _module_preset=&#8221;default&#8221;][\/et_pb_section]<\/p>\n","protected":false},"excerpt":{"rendered":"<p>15 Jahre seit der Gr\u00fcndung des Europ\u00e4ischen Instituts f\u00fcr interkulturelle und interreligi\u00f6se Forschung im Oktober 2004 sind Anlass genug, dankbar die bisherigen Erfahrungen und Einsichten unseres gemeinsamen Weges mit verschiedenen Projekten und Publikationen zu dokumentieren und das auf vielf\u00e4ltige Weise bisher Erreichte in einer Art Synopse zugleich kritisch zu reflektieren.<br \/>\nKeineswegs zuf\u00e4llig sind es immer wieder hermeneutische Grundfragen im interreligi\u00f6sen Dialog, die unsere T\u00e4tigkeit in Forschung und Lehre als Begegnung<br \/>\nund Verst\u00e4ndigung an jeweils unterschiedlichen Orten in Europa aufgeworfen hat. Dar\u00fcber soll in und mit dieser Ver\u00f6ffentlichung Rechenschaft abgelegt werden.<br \/>\nAuf diese Weise laden wir im Rahmen unserer Weg- und Lerngemeinschaft alle zum Gespr\u00e4ch ein, die mit uns \u00fcber das Eigene im Fremden bzw. \u00fcber das Fremde im<br \/>\nEigenen nachdenken wollen \u2013 unbeschadet der jeweiligen Herkunft, Kultur und Religion.<\/p>\n","protected":false},"author":1,"featured_media":0,"parent":0,"menu_order":6,"comment_status":"closed","ping_status":"closed","template":"","meta":{"_et_pb_use_builder":"on","_et_pb_old_content":"","_et_gb_content_width":"","footnotes":""},"_links":{"self":[{"href":"https:\/\/europaeisches-institut.com\/en\/wp-json\/wp\/v2\/pages\/484"}],"collection":[{"href":"https:\/\/europaeisches-institut.com\/en\/wp-json\/wp\/v2\/pages"}],"about":[{"href":"https:\/\/europaeisches-institut.com\/en\/wp-json\/wp\/v2\/types\/page"}],"author":[{"embeddable":true,"href":"https:\/\/europaeisches-institut.com\/en\/wp-json\/wp\/v2\/users\/1"}],"replies":[{"embeddable":true,"href":"https:\/\/europaeisches-institut.com\/en\/wp-json\/wp\/v2\/comments?post=484"}],"version-history":[{"count":9,"href":"https:\/\/europaeisches-institut.com\/en\/wp-json\/wp\/v2\/pages\/484\/revisions"}],"predecessor-version":[{"id":2371,"href":"https:\/\/europaeisches-institut.com\/en\/wp-json\/wp\/v2\/pages\/484\/revisions\/2371"}],"wp:attachment":[{"href":"https:\/\/europaeisches-institut.com\/en\/wp-json\/wp\/v2\/media?parent=484"}],"curies":[{"name":"wp","href":"https:\/\/api.w.org\/{rel}","templated":true}]}}